{"id":999,"date":"2024-07-26T15:17:13","date_gmt":"2024-07-26T18:17:13","guid":{"rendered":"https:\/\/bellocapricho.com.br\/loja\/?post_type=product&#038;p=999"},"modified":"2026-04-04T23:50:04","modified_gmt":"2026-04-05T02:50:04","slug":"agua-sanitaria-qboa-1l","status":"publish","type":"product","link":"https:\/\/bellocapricho.com.br\/loja\/index.php\/produto\/agua-sanitaria-qboa-1l\/","title":{"rendered":"\u00c1gua Sanit\u00e1ria Qboa &#8211; 1L"},"content":{"rendered":"<p>LIMPEZA EM TODO O CANTO, PROTE\u00c7\u00c3O PARA TODA A FAM\u00cdLIA<br \/>\nA \u00e1gua sanit\u00e1ria Qboa \u00e9 sin\u00f4nimo de sa\u00fade e bem-estar para as fam\u00edlias. O cloro ativo da f\u00f3rmula de Qboa elimina 99,99% dos germes, bact\u00e9rias, fungos e o novo v\u00edrus de todas as superf\u00edcies. \u00c9 efici\u00eancia at\u00e9 na higieniza\u00e7\u00e3o de frutas, verduras e legumes, sabia? E tamb\u00e9m \u00e9 imbat\u00edvel no combate \u00e0 larva do mosquito Aedes Egipty. Qboa \u00e9 limpeza em todos os cantos da casa e prote\u00e7\u00e3o garantida para toda a sua fam\u00edlia.<\/p>\n<p>CARACTER\u00cdSTICAS DOS PRODUTOS<br \/>\nBico direcionador (embalagens 1L e 2L);<br \/>\nBolinhas antiderrapantes, mais firmeza durante a aplica\u00e7\u00e3o;<br \/>\nCintura anat\u00f4mica que auxilia na pega do produto;<br \/>\nElimina 99,99% dos germes, das bact\u00e9rias, dos fungos e do novo v\u00edrus;<br \/>\nCombate o crescimento da larva do mosquito Aedes Egipty, transmissor das doen\u00e7as: Dengue, Zika v\u00edrus, chikungunya e febre amarela.<\/p>\n","protected":false},"excerpt":{"rendered":"<p>LIMPEZA EM TODO O CANTO, PROTE\u00c7\u00c3O PARA TODA A FAM\u00cdLIA A \u00e1gua sanit\u00e1ria Qboa \u00e9 sin\u00f4nimo de sa\u00fade e bem-estar para as fam\u00edlias. O cloro ativo da f\u00f3rmula de Qboa elimina 99,99% dos germes, bact\u00e9rias, fungos e o novo v\u00edrus de todas as superf\u00edcies. \u00c9&hellip;<\/p>\n","protected":false},"featured_media":1000,"template":"","meta":[],"product_brand":[],"product_cat":[54,19],"product_tag":[],"class_list":{"0":"post-999","1":"product","2":"type-product","3":"status-publish","4":"has-post-thumbnail","6":"product_cat-limpeza-diaria","7":"product_cat-limpeza-pesada","9":"first","10":"instock","11":"shipping-taxable","12":"purchasable","13":"product-type-simple"},"_links":{"self":[{"href":"https:\/\/bellocapricho.com.br\/loja\/index.php\/wp-json\/wp\/v2\/product\/999","targetHints":{"allow":["GET"]}}],"collection":[{"href":"https:\/\/bellocapricho.com.br\/loja\/index.php\/wp-json\/wp\/v2\/product"}],"about":[{"href":"https:\/\/bellocapricho.com.br\/loja\/index.php\/wp-json\/wp\/v2\/types\/product"}],"wp:featuredmedia":[{"embeddable":true,"href":"https:\/\/bellocapricho.com.br\/loja\/index.php\/wp-json\/wp\/v2\/media\/1000"}],"wp:attachment":[{"href":"https:\/\/bellocapricho.com.br\/loja\/index.php\/wp-json\/wp\/v2\/media?parent=999"}],"wp:term":[{"taxonomy":"product_brand","embeddable":true,"href":"https:\/\/bellocapricho.com.br\/loja\/index.php\/wp-json\/wp\/v2\/product_brand?post=999"},{"taxonomy":"product_cat","embeddable":true,"href":"https:\/\/bellocapricho.com.br\/loja\/index.php\/wp-json\/wp\/v2\/product_cat?post=999"},{"taxonomy":"product_tag","embeddable":true,"href":"https:\/\/bellocapricho.com.br\/loja\/index.php\/wp-json\/wp\/v2\/product_tag?post=999"}],"curies":[{"name":"wp","href":"https:\/\/api.w.org\/{rel}","templated":true}]}}