{"id":995,"date":"2024-07-26T14:53:50","date_gmt":"2024-07-26T17:53:50","guid":{"rendered":"https:\/\/bellocapricho.com.br\/loja\/?post_type=product&#038;p=995"},"modified":"2026-04-05T07:19:33","modified_gmt":"2026-04-05T10:19:33","slug":"guardanapos-de-papel-bompack-30x30cm-50un","status":"publish","type":"product","link":"https:\/\/bellocapricho.com.br\/loja\/index.php\/produto\/guardanapos-de-papel-bompack-30x30cm-50un\/","title":{"rendered":"Guardanapo de Papel Bompack com 50 unidades"},"content":{"rendered":"<p>Os Guardanapos Bompack, com 30x30cm e embalagem contendo 50 unidades, s\u00e3o uma escolha pr\u00e1tica e conveniente para v\u00e1rias ocasi\u00f5es, sejam elas festas, refei\u00e7\u00f5es em casa, piqueniques, eventos ou at\u00e9 mesmo uso di\u00e1rio. Eles oferecem uma quantidade adequada para atender \u00e0s necessidades dos seus convidados ou da sua fam\u00edlia. Esses guardanapos s\u00e3o de tamanho padr\u00e3o, proporcionando uma \u00e1rea suficiente para a limpeza das m\u00e3os e rosto, al\u00e9m de serem \u00fateis para manter a higiene durante as refei\u00e7\u00f5es. A marca Bompack \u00e9 conhecida pela qualidade, o que significa que esses guardanapos devem ser macios e absorventes, tornando-os adequados para uma variedade de situa\u00e7\u00f5es. Ter uma embalagem com 50 unidades facilita a organiza\u00e7\u00e3o de eventos e o uso di\u00e1rio, garantindo que voc\u00ea sempre tenha guardanapos de qualidade \u00e0 m\u00e3o.<\/p>\n<div class=\"card-add-to-cart bottom actions\">\n<div class=\"inner\"><\/div>\n<\/div>\n","protected":false},"excerpt":{"rendered":"<p>Os Guardanapos Bompack, com 30x30cm e embalagem contendo 50 unidades, s\u00e3o uma escolha pr\u00e1tica e conveniente para v\u00e1rias ocasi\u00f5es, sejam elas festas, refei\u00e7\u00f5es em casa, piqueniques, eventos ou at\u00e9 mesmo uso di\u00e1rio. Eles oferecem uma quantidade adequada para atender \u00e0s necessidades dos seus convidados ou&hellip;<\/p>\n","protected":false},"featured_media":996,"template":"","meta":[],"product_brand":[],"product_cat":[53,70],"product_tag":[],"class_list":{"0":"post-995","1":"product","2":"type-product","3":"status-publish","4":"has-post-thumbnail","6":"product_cat-multiusos","7":"product_cat-papeis","9":"first","10":"instock","11":"shipping-taxable","12":"purchasable","13":"product-type-simple"},"_links":{"self":[{"href":"https:\/\/bellocapricho.com.br\/loja\/index.php\/wp-json\/wp\/v2\/product\/995","targetHints":{"allow":["GET"]}}],"collection":[{"href":"https:\/\/bellocapricho.com.br\/loja\/index.php\/wp-json\/wp\/v2\/product"}],"about":[{"href":"https:\/\/bellocapricho.com.br\/loja\/index.php\/wp-json\/wp\/v2\/types\/product"}],"wp:featuredmedia":[{"embeddable":true,"href":"https:\/\/bellocapricho.com.br\/loja\/index.php\/wp-json\/wp\/v2\/media\/996"}],"wp:attachment":[{"href":"https:\/\/bellocapricho.com.br\/loja\/index.php\/wp-json\/wp\/v2\/media?parent=995"}],"wp:term":[{"taxonomy":"product_brand","embeddable":true,"href":"https:\/\/bellocapricho.com.br\/loja\/index.php\/wp-json\/wp\/v2\/product_brand?post=995"},{"taxonomy":"product_cat","embeddable":true,"href":"https:\/\/bellocapricho.com.br\/loja\/index.php\/wp-json\/wp\/v2\/product_cat?post=995"},{"taxonomy":"product_tag","embeddable":true,"href":"https:\/\/bellocapricho.com.br\/loja\/index.php\/wp-json\/wp\/v2\/product_tag?post=995"}],"curies":[{"name":"wp","href":"https:\/\/api.w.org\/{rel}","templated":true}]}}