{"id":993,"date":"2024-07-26T14:47:40","date_gmt":"2024-07-26T17:47:40","guid":{"rendered":"https:\/\/bellocapricho.com.br\/loja\/?post_type=product&#038;p=993"},"modified":"2026-04-04T23:50:06","modified_gmt":"2026-04-05T02:50:06","slug":"guardanapos-king-cook-20x225cm-50un","status":"publish","type":"product","link":"https:\/\/bellocapricho.com.br\/loja\/index.php\/produto\/guardanapos-king-cook-20x225cm-50un\/","title":{"rendered":"Guardanapos King Cook 20&#215;22,5cm 50UN"},"content":{"rendered":"<p>Os Guardanapos King Cook, com 20&#215;22,5cm por unidade e embalagem com 50 unidades, s\u00e3o ideais para diversas ocasi\u00f5es, como refei\u00e7\u00f5es em casa, eventos, festas e at\u00e9 mesmo para uso comercial, como em restaurantes ou lanchonetes. Eles s\u00e3o pr\u00e1ticos, vers\u00e1teis e podem ser usados para limpar as m\u00e3os, rosto ou superf\u00edcies. Esses guardanapos, sendo da marca King Cook, geralmente s\u00e3o de boa qualidade e proporcionam uma sensa\u00e7\u00e3o de maciez e absor\u00e7\u00e3o adequada. Eles s\u00e3o um item \u00fatil a ser mantido \u00e0 m\u00e3o para garantir a limpeza e a higiene durante as refei\u00e7\u00f5es.<\/p>\n","protected":false},"excerpt":{"rendered":"<p>Os Guardanapos King Cook, com 20&#215;22,5cm por unidade e embalagem com 50 unidades, s\u00e3o ideais para diversas ocasi\u00f5es, como refei\u00e7\u00f5es em casa, eventos, festas e at\u00e9 mesmo para uso comercial, como em restaurantes ou lanchonetes. Eles s\u00e3o pr\u00e1ticos, vers\u00e1teis e podem ser usados para limpar&hellip;<\/p>\n","protected":false},"featured_media":994,"template":"","meta":[],"product_brand":[],"product_cat":[53,70],"product_tag":[],"class_list":{"0":"post-993","1":"product","2":"type-product","3":"status-publish","4":"has-post-thumbnail","6":"product_cat-multiusos","7":"product_cat-papeis","9":"first","10":"instock","11":"shipping-taxable","12":"purchasable","13":"product-type-simple"},"_links":{"self":[{"href":"https:\/\/bellocapricho.com.br\/loja\/index.php\/wp-json\/wp\/v2\/product\/993","targetHints":{"allow":["GET"]}}],"collection":[{"href":"https:\/\/bellocapricho.com.br\/loja\/index.php\/wp-json\/wp\/v2\/product"}],"about":[{"href":"https:\/\/bellocapricho.com.br\/loja\/index.php\/wp-json\/wp\/v2\/types\/product"}],"wp:featuredmedia":[{"embeddable":true,"href":"https:\/\/bellocapricho.com.br\/loja\/index.php\/wp-json\/wp\/v2\/media\/994"}],"wp:attachment":[{"href":"https:\/\/bellocapricho.com.br\/loja\/index.php\/wp-json\/wp\/v2\/media?parent=993"}],"wp:term":[{"taxonomy":"product_brand","embeddable":true,"href":"https:\/\/bellocapricho.com.br\/loja\/index.php\/wp-json\/wp\/v2\/product_brand?post=993"},{"taxonomy":"product_cat","embeddable":true,"href":"https:\/\/bellocapricho.com.br\/loja\/index.php\/wp-json\/wp\/v2\/product_cat?post=993"},{"taxonomy":"product_tag","embeddable":true,"href":"https:\/\/bellocapricho.com.br\/loja\/index.php\/wp-json\/wp\/v2\/product_tag?post=993"}],"curies":[{"name":"wp","href":"https:\/\/api.w.org\/{rel}","templated":true}]}}