{"id":981,"date":"2024-07-26T14:08:13","date_gmt":"2024-07-26T17:08:13","guid":{"rendered":"https:\/\/bellocapricho.com.br\/loja\/?post_type=product&#038;p=981"},"modified":"2026-04-04T23:50:05","modified_gmt":"2026-04-05T02:50:05","slug":"copo-totalplast-de-isopor-120ml-com-20-unidades","status":"publish","type":"product","link":"https:\/\/bellocapricho.com.br\/loja\/index.php\/produto\/copo-totalplast-de-isopor-120ml-com-20-unidades\/","title":{"rendered":"Copo Totalplast de Isopor 120ml com 20 Unidades"},"content":{"rendered":"<p class=\"title\">Copo Totalplast de Isopor 120ml com 20 Unidades &#8211; Econ\u00f4mico e Higi\u00eanico para Servir Bebidas Quentes ou Frias Se voc\u00ea est\u00e1 procurando uma maneira conveniente e f\u00e1cil de servir bebidas quentes ou frias, o Copo de Isopor 120ml Totalplast com 20 unidades \u00e9 a escolha perfeita para voc\u00ea. Com esses copos, voc\u00ea pode desfrutar de seu caf\u00e9, chocolate quente, cappuccino, ch\u00e1 ou qualquer outra bebida quente ou fria, sem se preocupar com a temperatura ou sujeira, economia de dinheiro ao comprar em grande quantidade e a higiene oferecida pelo material descart\u00e1vel, podendo ser utilizados em festas e eventos em geral. Com um pacote de 20 unidades, voc\u00ea ter\u00e1 copos para atender \u00e0s suas necessidades, podendo ter facilidade na armazenagem. &#8211; Os copos de isopor Totalplast s\u00e3o fabricados sem CFC, o que significa que eles n\u00e3o emitem subst\u00e2ncias que prejudicam a camada de oz\u00f4nio. &#8211; Al\u00e9m disso, esses copos s\u00e3o totalmente recicl\u00e1veis, tornando-os uma escolha respons\u00e1vel do ponto de vista ambiental. &#8211; Ideal para servir quente ou frio como: caf\u00e9, chocolate quente, cappuccino, ch\u00e1. Entre outros. &#8211; Validade indeterminada.<\/p>\n","protected":false},"excerpt":{"rendered":"<p>Copo Totalplast de Isopor 120ml com 20 Unidades &#8211; Econ\u00f4mico e Higi\u00eanico para Servir Bebidas Quentes ou Frias Se voc\u00ea est\u00e1 procurando uma maneira conveniente e f\u00e1cil de servir bebidas quentes ou frias, o Copo de Isopor 120ml Totalplast com 20 unidades \u00e9 a escolha&hellip;<\/p>\n","protected":false},"featured_media":982,"template":"","meta":[],"product_brand":[],"product_cat":[52,44],"product_tag":[],"class_list":{"0":"post-981","1":"product","2":"type-product","3":"status-publish","4":"has-post-thumbnail","6":"product_cat-diversos","7":"product_cat-embalagens","9":"first","10":"instock","11":"shipping-taxable","12":"purchasable","13":"product-type-simple"},"_links":{"self":[{"href":"https:\/\/bellocapricho.com.br\/loja\/index.php\/wp-json\/wp\/v2\/product\/981","targetHints":{"allow":["GET"]}}],"collection":[{"href":"https:\/\/bellocapricho.com.br\/loja\/index.php\/wp-json\/wp\/v2\/product"}],"about":[{"href":"https:\/\/bellocapricho.com.br\/loja\/index.php\/wp-json\/wp\/v2\/types\/product"}],"wp:featuredmedia":[{"embeddable":true,"href":"https:\/\/bellocapricho.com.br\/loja\/index.php\/wp-json\/wp\/v2\/media\/982"}],"wp:attachment":[{"href":"https:\/\/bellocapricho.com.br\/loja\/index.php\/wp-json\/wp\/v2\/media?parent=981"}],"wp:term":[{"taxonomy":"product_brand","embeddable":true,"href":"https:\/\/bellocapricho.com.br\/loja\/index.php\/wp-json\/wp\/v2\/product_brand?post=981"},{"taxonomy":"product_cat","embeddable":true,"href":"https:\/\/bellocapricho.com.br\/loja\/index.php\/wp-json\/wp\/v2\/product_cat?post=981"},{"taxonomy":"product_tag","embeddable":true,"href":"https:\/\/bellocapricho.com.br\/loja\/index.php\/wp-json\/wp\/v2\/product_tag?post=981"}],"curies":[{"name":"wp","href":"https:\/\/api.w.org\/{rel}","templated":true}]}}