{"id":925,"date":"2024-07-26T09:56:57","date_gmt":"2024-07-26T12:56:57","guid":{"rendered":"https:\/\/bellocapricho.com.br\/loja\/?post_type=product&#038;p=925"},"modified":"2026-04-04T12:40:04","modified_gmt":"2026-04-04T15:40:04","slug":"papel-higienico-cisne-30-metros-pacote-com-12-rolos","status":"publish","type":"product","link":"https:\/\/bellocapricho.com.br\/loja\/index.php\/produto\/papel-higienico-cisne-30-metros-pacote-com-12-rolos\/","title":{"rendered":"Papel Higi\u00eanico Cisne 30 Metros Pacote com 12 Rolos"},"content":{"rendered":"<p>O Cisne Folha Dupla \u00e9 um papel higi\u00eanico rolo branco picotado e gofrado com suavidade e eleg\u00e2ncia que voc\u00ea nunca viu! Folha dupla de 30 metros feita com 100% de celulose.<\/p>\n<p>Descri\u00e7\u00e3o T\u00e9cnica:<br \/>\n&#8211; Conte\u00fado: Pacote de papel higi\u00eanico<br \/>\n&#8211; Cont\u00e9m: 12 Rolos<br \/>\n&#8211; Rolos com folha dupla<br \/>\n&#8211; 30 metros por rolo<br \/>\n&#8211; Fabricante: Estrela<\/p>\n","protected":false},"excerpt":{"rendered":"<p>O Cisne Folha Dupla \u00e9 um papel higi\u00eanico rolo branco picotado e gofrado com suavidade e eleg\u00e2ncia que voc\u00ea nunca viu! Folha dupla de 30 metros feita com 100% de celulose. Descri\u00e7\u00e3o T\u00e9cnica: &#8211; Conte\u00fado: Pacote de papel higi\u00eanico &#8211; Cont\u00e9m: 12 Rolos &#8211; Rolos&hellip;<\/p>\n","protected":false},"featured_media":926,"template":"","meta":[],"product_brand":[],"product_cat":[52,70],"product_tag":[],"class_list":{"0":"post-925","1":"product","2":"type-product","3":"status-publish","4":"has-post-thumbnail","6":"product_cat-diversos","7":"product_cat-papeis","9":"first","10":"instock","11":"shipping-taxable","12":"purchasable","13":"product-type-simple"},"_links":{"self":[{"href":"https:\/\/bellocapricho.com.br\/loja\/index.php\/wp-json\/wp\/v2\/product\/925","targetHints":{"allow":["GET"]}}],"collection":[{"href":"https:\/\/bellocapricho.com.br\/loja\/index.php\/wp-json\/wp\/v2\/product"}],"about":[{"href":"https:\/\/bellocapricho.com.br\/loja\/index.php\/wp-json\/wp\/v2\/types\/product"}],"wp:featuredmedia":[{"embeddable":true,"href":"https:\/\/bellocapricho.com.br\/loja\/index.php\/wp-json\/wp\/v2\/media\/926"}],"wp:attachment":[{"href":"https:\/\/bellocapricho.com.br\/loja\/index.php\/wp-json\/wp\/v2\/media?parent=925"}],"wp:term":[{"taxonomy":"product_brand","embeddable":true,"href":"https:\/\/bellocapricho.com.br\/loja\/index.php\/wp-json\/wp\/v2\/product_brand?post=925"},{"taxonomy":"product_cat","embeddable":true,"href":"https:\/\/bellocapricho.com.br\/loja\/index.php\/wp-json\/wp\/v2\/product_cat?post=925"},{"taxonomy":"product_tag","embeddable":true,"href":"https:\/\/bellocapricho.com.br\/loja\/index.php\/wp-json\/wp\/v2\/product_tag?post=925"}],"curies":[{"name":"wp","href":"https:\/\/api.w.org\/{rel}","templated":true}]}}