{"id":915,"date":"2024-07-26T02:02:50","date_gmt":"2024-07-26T05:02:50","guid":{"rendered":"https:\/\/bellocapricho.com.br\/loja\/?post_type=product&#038;p=915"},"modified":"2026-04-04T18:27:02","modified_gmt":"2026-04-04T21:27:02","slug":"pastilha-adesiva-sany-mix-lavanda","status":"publish","type":"product","link":"https:\/\/bellocapricho.com.br\/loja\/index.php\/produto\/pastilha-adesiva-sany-mix-lavanda\/","title":{"rendered":"Pastilha Adesiva Sany Mix &#8211; Lavanda"},"content":{"rendered":"<p>Sany Mix Pastilha Adesiva \u00e9 pr\u00e1tico e ecol\u00f3gico, pois n\u00e3o usa cestinha. mant\u00e9m seu vaso sanit\u00e1rio limpo e com agrad\u00e1vel perfume, a cada descarga.<\/p>\n","protected":false},"excerpt":{"rendered":"<p>Sany Mix Pastilha Adesiva \u00e9 pr\u00e1tico e ecol\u00f3gico, pois n\u00e3o usa cestinha. mant\u00e9m seu vaso sanit\u00e1rio limpo e com agrad\u00e1vel perfume, a cada descarga.<\/p>\n","protected":false},"featured_media":920,"template":"","meta":[],"product_brand":[],"product_cat":[56],"product_tag":[],"class_list":{"0":"post-915","1":"product","2":"type-product","3":"status-publish","4":"has-post-thumbnail","6":"product_cat-pedra-sanitaria","8":"first","9":"instock","10":"shipping-taxable","11":"purchasable","12":"product-type-simple"},"_links":{"self":[{"href":"https:\/\/bellocapricho.com.br\/loja\/index.php\/wp-json\/wp\/v2\/product\/915","targetHints":{"allow":["GET"]}}],"collection":[{"href":"https:\/\/bellocapricho.com.br\/loja\/index.php\/wp-json\/wp\/v2\/product"}],"about":[{"href":"https:\/\/bellocapricho.com.br\/loja\/index.php\/wp-json\/wp\/v2\/types\/product"}],"wp:featuredmedia":[{"embeddable":true,"href":"https:\/\/bellocapricho.com.br\/loja\/index.php\/wp-json\/wp\/v2\/media\/920"}],"wp:attachment":[{"href":"https:\/\/bellocapricho.com.br\/loja\/index.php\/wp-json\/wp\/v2\/media?parent=915"}],"wp:term":[{"taxonomy":"product_brand","embeddable":true,"href":"https:\/\/bellocapricho.com.br\/loja\/index.php\/wp-json\/wp\/v2\/product_brand?post=915"},{"taxonomy":"product_cat","embeddable":true,"href":"https:\/\/bellocapricho.com.br\/loja\/index.php\/wp-json\/wp\/v2\/product_cat?post=915"},{"taxonomy":"product_tag","embeddable":true,"href":"https:\/\/bellocapricho.com.br\/loja\/index.php\/wp-json\/wp\/v2\/product_tag?post=915"}],"curies":[{"name":"wp","href":"https:\/\/api.w.org\/{rel}","templated":true}]}}