{"id":913,"date":"2024-07-26T01:59:47","date_gmt":"2024-07-26T04:59:47","guid":{"rendered":"https:\/\/bellocapricho.com.br\/loja\/?post_type=product&#038;p=913"},"modified":"2026-04-10T10:16:30","modified_gmt":"2026-04-10T13:16:30","slug":"limpa-box-sany-300-ml","status":"publish","type":"product","link":"https:\/\/bellocapricho.com.br\/loja\/index.php\/produto\/limpa-box-sany-300-ml\/","title":{"rendered":"Limpa Box Sany 300 ml"},"content":{"rendered":"<p>O Limpa Box Sany \u00e9 um detergente para uso espec\u00edfico, inovador, com f\u00f3rmula cuidadosamente criada para limpar e dar brilho em box de banheiros, azulejos e lou\u00e7as de banheiro. Remove sujeiras aderidas e forma uma camada hidrorrepelente que evita a ader\u00eancia das got\u00edculas de \u00e1gua e manchas de dif\u00edcil remo\u00e7\u00e3o.<\/p>\n<p>Sua f\u00f3rmula 4 em 1 desengordura, remove manchas, d\u00e1 brilho e repele \u00e1gua.<\/p>\n","protected":false},"excerpt":{"rendered":"<p>O Limpa Box Sany \u00e9 um detergente para uso espec\u00edfico, inovador, com f\u00f3rmula cuidadosamente criada para limpar e dar brilho em box de banheiros, azulejos e lou\u00e7as de banheiro. Remove sujeiras aderidas e forma uma camada hidrorrepelente que evita a ader\u00eancia das got\u00edculas de \u00e1gua&hellip;<\/p>\n","protected":false},"featured_media":914,"template":"","meta":[],"product_brand":[],"product_cat":[54],"product_tag":[],"class_list":{"0":"post-913","1":"product","2":"type-product","3":"status-publish","4":"has-post-thumbnail","6":"product_cat-limpeza-diaria","8":"first","9":"outofstock","10":"shipping-taxable","11":"purchasable","12":"product-type-simple"},"_links":{"self":[{"href":"https:\/\/bellocapricho.com.br\/loja\/index.php\/wp-json\/wp\/v2\/product\/913","targetHints":{"allow":["GET"]}}],"collection":[{"href":"https:\/\/bellocapricho.com.br\/loja\/index.php\/wp-json\/wp\/v2\/product"}],"about":[{"href":"https:\/\/bellocapricho.com.br\/loja\/index.php\/wp-json\/wp\/v2\/types\/product"}],"wp:featuredmedia":[{"embeddable":true,"href":"https:\/\/bellocapricho.com.br\/loja\/index.php\/wp-json\/wp\/v2\/media\/914"}],"wp:attachment":[{"href":"https:\/\/bellocapricho.com.br\/loja\/index.php\/wp-json\/wp\/v2\/media?parent=913"}],"wp:term":[{"taxonomy":"product_brand","embeddable":true,"href":"https:\/\/bellocapricho.com.br\/loja\/index.php\/wp-json\/wp\/v2\/product_brand?post=913"},{"taxonomy":"product_cat","embeddable":true,"href":"https:\/\/bellocapricho.com.br\/loja\/index.php\/wp-json\/wp\/v2\/product_cat?post=913"},{"taxonomy":"product_tag","embeddable":true,"href":"https:\/\/bellocapricho.com.br\/loja\/index.php\/wp-json\/wp\/v2\/product_tag?post=913"}],"curies":[{"name":"wp","href":"https:\/\/api.w.org\/{rel}","templated":true}]}}