{"id":899,"date":"2024-07-26T01:41:03","date_gmt":"2024-07-26T04:41:03","guid":{"rendered":"https:\/\/bellocapricho.com.br\/loja\/?post_type=product&#038;p=899"},"modified":"2026-04-05T00:27:35","modified_gmt":"2026-04-05T03:27:35","slug":"cera-incolor-poliflor-brilho-pratico-750-ml","status":"publish","type":"product","link":"https:\/\/bellocapricho.com.br\/loja\/index.php\/produto\/cera-incolor-poliflor-brilho-pratico-750-ml\/","title":{"rendered":"Cera Incolor Poliflor Brilho Pr\u00e1tico 750 ml"},"content":{"rendered":"<p>Voc\u00ea vai ter um piso brilhante por mais tempo. Sua f\u00f3rmula protege o piso, proporcionando uma reconstru\u00e7\u00e3o, repondo e restaurando o brilho a cada aplica\u00e7\u00e3o. N\u00e3o \u00e9 necess\u00e1rio lustrar ou usar enceradeira. Poliflor Brilho Pr\u00e1tico Incolor \u00e9 recomendado em paviflex, cer\u00e2mica porosa, ard\u00f3sia, assoalho com cascolac\/sinteco (verniz base solvente), cimento queimado, m\u00e1rmore.<\/p>\n","protected":false},"excerpt":{"rendered":"<p>Voc\u00ea vai ter um piso brilhante por mais tempo. Sua f\u00f3rmula protege o piso, proporcionando uma reconstru\u00e7\u00e3o, repondo e restaurando o brilho a cada aplica\u00e7\u00e3o. N\u00e3o \u00e9 necess\u00e1rio lustrar ou usar enceradeira. Poliflor Brilho Pr\u00e1tico Incolor \u00e9 recomendado em paviflex, cer\u00e2mica porosa, ard\u00f3sia, assoalho com&hellip;<\/p>\n","protected":false},"featured_media":903,"template":"","meta":[],"product_brand":[],"product_cat":[66],"product_tag":[],"class_list":{"0":"post-899","1":"product","2":"type-product","3":"status-publish","4":"has-post-thumbnail","6":"product_cat-cera","8":"first","9":"instock","10":"shipping-taxable","11":"purchasable","12":"product-type-simple"},"_links":{"self":[{"href":"https:\/\/bellocapricho.com.br\/loja\/index.php\/wp-json\/wp\/v2\/product\/899","targetHints":{"allow":["GET"]}}],"collection":[{"href":"https:\/\/bellocapricho.com.br\/loja\/index.php\/wp-json\/wp\/v2\/product"}],"about":[{"href":"https:\/\/bellocapricho.com.br\/loja\/index.php\/wp-json\/wp\/v2\/types\/product"}],"wp:featuredmedia":[{"embeddable":true,"href":"https:\/\/bellocapricho.com.br\/loja\/index.php\/wp-json\/wp\/v2\/media\/903"}],"wp:attachment":[{"href":"https:\/\/bellocapricho.com.br\/loja\/index.php\/wp-json\/wp\/v2\/media?parent=899"}],"wp:term":[{"taxonomy":"product_brand","embeddable":true,"href":"https:\/\/bellocapricho.com.br\/loja\/index.php\/wp-json\/wp\/v2\/product_brand?post=899"},{"taxonomy":"product_cat","embeddable":true,"href":"https:\/\/bellocapricho.com.br\/loja\/index.php\/wp-json\/wp\/v2\/product_cat?post=899"},{"taxonomy":"product_tag","embeddable":true,"href":"https:\/\/bellocapricho.com.br\/loja\/index.php\/wp-json\/wp\/v2\/product_tag?post=899"}],"curies":[{"name":"wp","href":"https:\/\/api.w.org\/{rel}","templated":true}]}}