{"id":892,"date":"2024-07-26T01:26:11","date_gmt":"2024-07-26T04:26:11","guid":{"rendered":"https:\/\/bellocapricho.com.br\/loja\/?post_type=product&#038;p=892"},"modified":"2026-04-04T18:32:55","modified_gmt":"2026-04-04T21:32:55","slug":"limpador-fresh-lemon-500ml-ajax","status":"publish","type":"product","link":"https:\/\/bellocapricho.com.br\/loja\/index.php\/produto\/limpador-fresh-lemon-500ml-ajax\/","title":{"rendered":"Limpador Fresh Lemon 500ml Ajax"},"content":{"rendered":"<p>Ajax Fresh Lemon Limpeza Pesada \u00e9 indicado para limpeza geral de pisos, azulejos, vidros, cer\u00e2micas e superf\u00edcies lav\u00e1veis. Proporciona uma limpeza profunda sem agredir as superf\u00edcies e deixa sua casa com um agrad\u00e1vel cheirinho de limpeza. Tem um rendimento incr\u00edvel pois \u00e9 dilu\u00edvel em \u00e1gua.<\/p>\n<p>500ml<\/p>\n","protected":false},"excerpt":{"rendered":"<p>Ajax Fresh Lemon Limpeza Pesada \u00e9 indicado para limpeza geral de pisos, azulejos, vidros, cer\u00e2micas e superf\u00edcies lav\u00e1veis. Proporciona uma limpeza profunda sem agredir as superf\u00edcies e deixa sua casa com um agrad\u00e1vel cheirinho de limpeza. Tem um rendimento incr\u00edvel pois \u00e9 dilu\u00edvel em \u00e1gua.&hellip;<\/p>\n","protected":false},"featured_media":895,"template":"","meta":[],"product_brand":[],"product_cat":[54,53,19],"product_tag":[],"class_list":{"0":"post-892","1":"product","2":"type-product","3":"status-publish","4":"has-post-thumbnail","6":"product_cat-limpeza-diaria","7":"product_cat-multiusos","8":"product_cat-limpeza-pesada","10":"first","11":"instock","12":"shipping-taxable","13":"purchasable","14":"product-type-simple"},"_links":{"self":[{"href":"https:\/\/bellocapricho.com.br\/loja\/index.php\/wp-json\/wp\/v2\/product\/892","targetHints":{"allow":["GET"]}}],"collection":[{"href":"https:\/\/bellocapricho.com.br\/loja\/index.php\/wp-json\/wp\/v2\/product"}],"about":[{"href":"https:\/\/bellocapricho.com.br\/loja\/index.php\/wp-json\/wp\/v2\/types\/product"}],"wp:featuredmedia":[{"embeddable":true,"href":"https:\/\/bellocapricho.com.br\/loja\/index.php\/wp-json\/wp\/v2\/media\/895"}],"wp:attachment":[{"href":"https:\/\/bellocapricho.com.br\/loja\/index.php\/wp-json\/wp\/v2\/media?parent=892"}],"wp:term":[{"taxonomy":"product_brand","embeddable":true,"href":"https:\/\/bellocapricho.com.br\/loja\/index.php\/wp-json\/wp\/v2\/product_brand?post=892"},{"taxonomy":"product_cat","embeddable":true,"href":"https:\/\/bellocapricho.com.br\/loja\/index.php\/wp-json\/wp\/v2\/product_cat?post=892"},{"taxonomy":"product_tag","embeddable":true,"href":"https:\/\/bellocapricho.com.br\/loja\/index.php\/wp-json\/wp\/v2\/product_tag?post=892"}],"curies":[{"name":"wp","href":"https:\/\/api.w.org\/{rel}","templated":true}]}}