{"id":890,"date":"2024-07-26T01:28:28","date_gmt":"2024-07-26T04:28:28","guid":{"rendered":"https:\/\/bellocapricho.com.br\/loja\/?post_type=product&#038;p=890"},"modified":"2026-04-05T12:10:07","modified_gmt":"2026-04-05T15:10:07","slug":"cera-liquida-de-madeira-tacolac-super-500-ml","status":"publish","type":"product","link":"https:\/\/bellocapricho.com.br\/loja\/index.php\/produto\/cera-liquida-de-madeira-tacolac-super-500-ml\/","title":{"rendered":"Cera L\u00edquida de Madeira Tacolac Super 500 ml"},"content":{"rendered":"<p>Tacolac possui f\u00f3rmula pioneira que dispensa enceradeira. Reaviva a apar\u00eancia do piso e forma uma pel\u00edcula que protege contra riscos, mantendo o brilho intenso do seu piso de madeira por muito mais tempo.<\/p>\n","protected":false},"excerpt":{"rendered":"<p>Tacolac possui f\u00f3rmula pioneira que dispensa enceradeira. Reaviva a apar\u00eancia do piso e forma uma pel\u00edcula que protege contra riscos, mantendo o brilho intenso do seu piso de madeira por muito mais tempo.<\/p>\n","protected":false},"featured_media":893,"template":"","meta":[],"product_brand":[],"product_cat":[66],"product_tag":[],"class_list":{"0":"post-890","1":"product","2":"type-product","3":"status-publish","4":"has-post-thumbnail","6":"product_cat-cera","8":"first","9":"instock","10":"shipping-taxable","11":"purchasable","12":"product-type-simple"},"_links":{"self":[{"href":"https:\/\/bellocapricho.com.br\/loja\/index.php\/wp-json\/wp\/v2\/product\/890","targetHints":{"allow":["GET"]}}],"collection":[{"href":"https:\/\/bellocapricho.com.br\/loja\/index.php\/wp-json\/wp\/v2\/product"}],"about":[{"href":"https:\/\/bellocapricho.com.br\/loja\/index.php\/wp-json\/wp\/v2\/types\/product"}],"wp:featuredmedia":[{"embeddable":true,"href":"https:\/\/bellocapricho.com.br\/loja\/index.php\/wp-json\/wp\/v2\/media\/893"}],"wp:attachment":[{"href":"https:\/\/bellocapricho.com.br\/loja\/index.php\/wp-json\/wp\/v2\/media?parent=890"}],"wp:term":[{"taxonomy":"product_brand","embeddable":true,"href":"https:\/\/bellocapricho.com.br\/loja\/index.php\/wp-json\/wp\/v2\/product_brand?post=890"},{"taxonomy":"product_cat","embeddable":true,"href":"https:\/\/bellocapricho.com.br\/loja\/index.php\/wp-json\/wp\/v2\/product_cat?post=890"},{"taxonomy":"product_tag","embeddable":true,"href":"https:\/\/bellocapricho.com.br\/loja\/index.php\/wp-json\/wp\/v2\/product_tag?post=890"}],"curies":[{"name":"wp","href":"https:\/\/api.w.org\/{rel}","templated":true}]}}