{"id":887,"date":"2024-07-26T01:23:40","date_gmt":"2024-07-26T04:23:40","guid":{"rendered":"https:\/\/bellocapricho.com.br\/loja\/?post_type=product&#038;p=887"},"modified":"2026-04-05T00:27:35","modified_gmt":"2026-04-05T03:27:35","slug":"oleo-lustra-moveis-de-madeira-brilholac-100-ml","status":"publish","type":"product","link":"https:\/\/bellocapricho.com.br\/loja\/index.php\/produto\/oleo-lustra-moveis-de-madeira-brilholac-100-ml\/","title":{"rendered":"\u00d3leo Lustra M\u00f3veis de Madeira Brilholac 100 ml"},"content":{"rendered":"<p>Ideal para ser usado em m\u00f3veis envernizados, laqueados, portas, janelas, esquadrias e outros objetos de madeira. Protege contra insetos. Produto elaborado com \u00f3leos especiais para nutrir, restaurar, proteger seus m\u00f3veis, hidratando a madeira, evitando o ressecamento e rachaduras provocados pelo tempo.<\/p>\n","protected":false},"excerpt":{"rendered":"<p>Ideal para ser usado em m\u00f3veis envernizados, laqueados, portas, janelas, esquadrias e outros objetos de madeira. Protege contra insetos. Produto elaborado com \u00f3leos especiais para nutrir, restaurar, proteger seus m\u00f3veis, hidratando a madeira, evitando o ressecamento e rachaduras provocados pelo tempo.<\/p>\n","protected":false},"featured_media":889,"template":"","meta":[],"product_brand":[],"product_cat":[64],"product_tag":[],"class_list":{"0":"post-887","1":"product","2":"type-product","3":"status-publish","4":"has-post-thumbnail","6":"product_cat-lustra-moveis","8":"first","9":"instock","10":"shipping-taxable","11":"purchasable","12":"product-type-simple"},"_links":{"self":[{"href":"https:\/\/bellocapricho.com.br\/loja\/index.php\/wp-json\/wp\/v2\/product\/887","targetHints":{"allow":["GET"]}}],"collection":[{"href":"https:\/\/bellocapricho.com.br\/loja\/index.php\/wp-json\/wp\/v2\/product"}],"about":[{"href":"https:\/\/bellocapricho.com.br\/loja\/index.php\/wp-json\/wp\/v2\/types\/product"}],"wp:featuredmedia":[{"embeddable":true,"href":"https:\/\/bellocapricho.com.br\/loja\/index.php\/wp-json\/wp\/v2\/media\/889"}],"wp:attachment":[{"href":"https:\/\/bellocapricho.com.br\/loja\/index.php\/wp-json\/wp\/v2\/media?parent=887"}],"wp:term":[{"taxonomy":"product_brand","embeddable":true,"href":"https:\/\/bellocapricho.com.br\/loja\/index.php\/wp-json\/wp\/v2\/product_brand?post=887"},{"taxonomy":"product_cat","embeddable":true,"href":"https:\/\/bellocapricho.com.br\/loja\/index.php\/wp-json\/wp\/v2\/product_cat?post=887"},{"taxonomy":"product_tag","embeddable":true,"href":"https:\/\/bellocapricho.com.br\/loja\/index.php\/wp-json\/wp\/v2\/product_tag?post=887"}],"curies":[{"name":"wp","href":"https:\/\/api.w.org\/{rel}","templated":true}]}}