{"id":883,"date":"2024-07-26T01:20:04","date_gmt":"2024-07-26T04:20:04","guid":{"rendered":"https:\/\/bellocapricho.com.br\/loja\/?post_type=product&#038;p=883"},"modified":"2026-04-04T10:52:03","modified_gmt":"2026-04-04T13:52:03","slug":"limpa-pisos-destac-laminados-e-vinilicos-750-ml-flores-do-campo-lavanda","status":"publish","type":"product","link":"https:\/\/bellocapricho.com.br\/loja\/index.php\/produto\/limpa-pisos-destac-laminados-e-vinilicos-750-ml-flores-do-campo-lavanda\/","title":{"rendered":"Limpa Pisos Destac Laminados e Vin\u00edlicos 750 ml &#8211; Flores do Campo &#038; Lavanda"},"content":{"rendered":"<p><span class=\"a-list-item\">Destac Laminados e Vin\u00edlicos \u00e9 o Limpa Piso 3 em 1 que limpa, perfuma e d\u00e1 brilho no seu piso de madeira de uma s\u00f3 vez.\u00a0<\/span><\/p>\n","protected":false},"excerpt":{"rendered":"<p>Destac Laminados e Vin\u00edlicos \u00e9 o Limpa Piso 3 em 1 que limpa, perfuma e d\u00e1 brilho no seu piso de madeira de uma s\u00f3 vez.\u00a0<\/p>\n","protected":false},"featured_media":886,"template":"","meta":[],"product_brand":[],"product_cat":[67],"product_tag":[],"class_list":{"0":"post-883","1":"product","2":"type-product","3":"status-publish","4":"has-post-thumbnail","6":"product_cat-limpa-pisos","8":"first","9":"instock","10":"shipping-taxable","11":"purchasable","12":"product-type-simple"},"_links":{"self":[{"href":"https:\/\/bellocapricho.com.br\/loja\/index.php\/wp-json\/wp\/v2\/product\/883","targetHints":{"allow":["GET"]}}],"collection":[{"href":"https:\/\/bellocapricho.com.br\/loja\/index.php\/wp-json\/wp\/v2\/product"}],"about":[{"href":"https:\/\/bellocapricho.com.br\/loja\/index.php\/wp-json\/wp\/v2\/types\/product"}],"wp:featuredmedia":[{"embeddable":true,"href":"https:\/\/bellocapricho.com.br\/loja\/index.php\/wp-json\/wp\/v2\/media\/886"}],"wp:attachment":[{"href":"https:\/\/bellocapricho.com.br\/loja\/index.php\/wp-json\/wp\/v2\/media?parent=883"}],"wp:term":[{"taxonomy":"product_brand","embeddable":true,"href":"https:\/\/bellocapricho.com.br\/loja\/index.php\/wp-json\/wp\/v2\/product_brand?post=883"},{"taxonomy":"product_cat","embeddable":true,"href":"https:\/\/bellocapricho.com.br\/loja\/index.php\/wp-json\/wp\/v2\/product_cat?post=883"},{"taxonomy":"product_tag","embeddable":true,"href":"https:\/\/bellocapricho.com.br\/loja\/index.php\/wp-json\/wp\/v2\/product_tag?post=883"}],"curies":[{"name":"wp","href":"https:\/\/api.w.org\/{rel}","templated":true}]}}