{"id":881,"date":"2024-07-26T01:14:57","date_gmt":"2024-07-26T04:14:57","guid":{"rendered":"https:\/\/bellocapricho.com.br\/loja\/?post_type=product&#038;p=881"},"modified":"2026-04-04T10:30:06","modified_gmt":"2026-04-04T13:30:06","slug":"cera-brilholac-super-incolor-500-ml","status":"publish","type":"product","link":"https:\/\/bellocapricho.com.br\/loja\/index.php\/produto\/cera-brilholac-super-incolor-500-ml\/","title":{"rendered":"Cera Brilholac Super Incolor 500 ml"},"content":{"rendered":"<p>BRILHOLAC SUPER \u00e9 uma cera autobrilho perfumada de f\u00e1cil aplica\u00e7\u00e3o, que d\u00e1 um brilho intenso e duradouro, n\u00e3o precisando lustrar com enceradeira.<\/p>\n","protected":false},"excerpt":{"rendered":"<p>BRILHOLAC SUPER \u00e9 uma cera autobrilho perfumada de f\u00e1cil aplica\u00e7\u00e3o, que d\u00e1 um brilho intenso e duradouro, n\u00e3o precisando lustrar com enceradeira.<\/p>\n","protected":false},"featured_media":882,"template":"","meta":[],"product_brand":[],"product_cat":[66],"product_tag":[],"class_list":{"0":"post-881","1":"product","2":"type-product","3":"status-publish","4":"has-post-thumbnail","6":"product_cat-cera","8":"first","9":"instock","10":"shipping-taxable","11":"purchasable","12":"product-type-simple"},"_links":{"self":[{"href":"https:\/\/bellocapricho.com.br\/loja\/index.php\/wp-json\/wp\/v2\/product\/881","targetHints":{"allow":["GET"]}}],"collection":[{"href":"https:\/\/bellocapricho.com.br\/loja\/index.php\/wp-json\/wp\/v2\/product"}],"about":[{"href":"https:\/\/bellocapricho.com.br\/loja\/index.php\/wp-json\/wp\/v2\/types\/product"}],"wp:featuredmedia":[{"embeddable":true,"href":"https:\/\/bellocapricho.com.br\/loja\/index.php\/wp-json\/wp\/v2\/media\/882"}],"wp:attachment":[{"href":"https:\/\/bellocapricho.com.br\/loja\/index.php\/wp-json\/wp\/v2\/media?parent=881"}],"wp:term":[{"taxonomy":"product_brand","embeddable":true,"href":"https:\/\/bellocapricho.com.br\/loja\/index.php\/wp-json\/wp\/v2\/product_brand?post=881"},{"taxonomy":"product_cat","embeddable":true,"href":"https:\/\/bellocapricho.com.br\/loja\/index.php\/wp-json\/wp\/v2\/product_cat?post=881"},{"taxonomy":"product_tag","embeddable":true,"href":"https:\/\/bellocapricho.com.br\/loja\/index.php\/wp-json\/wp\/v2\/product_tag?post=881"}],"curies":[{"name":"wp","href":"https:\/\/api.w.org\/{rel}","templated":true}]}}