{"id":878,"date":"2024-07-26T01:08:43","date_gmt":"2024-07-26T04:08:43","guid":{"rendered":"https:\/\/bellocapricho.com.br\/loja\/?post_type=product&#038;p=878"},"modified":"2026-04-04T10:30:05","modified_gmt":"2026-04-04T13:30:05","slug":"oleo-de-peroba-200-ml","status":"publish","type":"product","link":"https:\/\/bellocapricho.com.br\/loja\/index.php\/produto\/oleo-de-peroba-200-ml\/","title":{"rendered":"\u00d3leo de Peroba 200 ml"},"content":{"rendered":"<p>Conserva, limpa, lustra e renova todos os tipos de madeira. Protegendo contra a\u00e7\u00e3o do tempo m\u00f3veis, portas, janelas, lambris, port\u00f5es, ferragens e artefatos de madeira. Tamb\u00e9m aplicado em assoalhos, laminados de madeira e pisos cer\u00e2micos. Deixando um cheirinho agrad\u00e1vel de casa limpa.<\/p>\n","protected":false},"excerpt":{"rendered":"<p>Conserva, limpa, lustra e renova todos os tipos de madeira. Protegendo contra a\u00e7\u00e3o do tempo m\u00f3veis, portas, janelas, lambris, port\u00f5es, ferragens e artefatos de madeira. Tamb\u00e9m aplicado em assoalhos, laminados de madeira e pisos cer\u00e2micos. Deixando um cheirinho agrad\u00e1vel de casa limpa.<\/p>\n","protected":false},"featured_media":880,"template":"","meta":[],"product_brand":[],"product_cat":[64,53],"product_tag":[],"class_list":{"0":"post-878","1":"product","2":"type-product","3":"status-publish","4":"has-post-thumbnail","6":"product_cat-lustra-moveis","7":"product_cat-multiusos","9":"first","10":"instock","11":"shipping-taxable","12":"purchasable","13":"product-type-simple"},"_links":{"self":[{"href":"https:\/\/bellocapricho.com.br\/loja\/index.php\/wp-json\/wp\/v2\/product\/878","targetHints":{"allow":["GET"]}}],"collection":[{"href":"https:\/\/bellocapricho.com.br\/loja\/index.php\/wp-json\/wp\/v2\/product"}],"about":[{"href":"https:\/\/bellocapricho.com.br\/loja\/index.php\/wp-json\/wp\/v2\/types\/product"}],"wp:featuredmedia":[{"embeddable":true,"href":"https:\/\/bellocapricho.com.br\/loja\/index.php\/wp-json\/wp\/v2\/media\/880"}],"wp:attachment":[{"href":"https:\/\/bellocapricho.com.br\/loja\/index.php\/wp-json\/wp\/v2\/media?parent=878"}],"wp:term":[{"taxonomy":"product_brand","embeddable":true,"href":"https:\/\/bellocapricho.com.br\/loja\/index.php\/wp-json\/wp\/v2\/product_brand?post=878"},{"taxonomy":"product_cat","embeddable":true,"href":"https:\/\/bellocapricho.com.br\/loja\/index.php\/wp-json\/wp\/v2\/product_cat?post=878"},{"taxonomy":"product_tag","embeddable":true,"href":"https:\/\/bellocapricho.com.br\/loja\/index.php\/wp-json\/wp\/v2\/product_tag?post=878"}],"curies":[{"name":"wp","href":"https:\/\/api.w.org\/{rel}","templated":true}]}}