{"id":876,"date":"2024-07-26T01:02:53","date_gmt":"2024-07-26T04:02:53","guid":{"rendered":"https:\/\/bellocapricho.com.br\/loja\/?post_type=product&#038;p=876"},"modified":"2026-04-04T15:21:47","modified_gmt":"2026-04-04T18:21:47","slug":"veja-banheiro-x-14-tira-limo-2-em-1-com-cloro-ativo-400ml-refil-economico-desinfeta-e-branqueia-copia","status":"publish","type":"product","link":"https:\/\/bellocapricho.com.br\/loja\/index.php\/produto\/veja-banheiro-x-14-tira-limo-2-em-1-com-cloro-ativo-400ml-refil-economico-desinfeta-e-branqueia-copia\/","title":{"rendered":"Veja Banheiro X-14 Tira Limo 2 em 1 com cloro ativo 400ml Refil Econ\u00f4mico desinfeta e branqueia (c\u00f3pia)"},"content":{"rendered":"<p>Veja\u00ae Banheiro X14 Tira Limo 2 em 1 com cloro ativo 400ml desinfeta e branqueia<\/p>\n<p>\u2022 Tira limo 2 em 1 com cloro ativo<br \/>\n\u2022 M\u00e1xima a\u00e7\u00e3o desinfetante\u00b9 e m\u00e1xima a\u00e7\u00e3o branqueadora<br \/>\n\u2022 Tira limo das superf\u00edcies e deixa sem limo por at\u00e9 4 dias<br \/>\n\u2022 Remove res\u00edduos do banheiro<\/p>\n<p>400ml<\/p>\n","protected":false},"excerpt":{"rendered":"<p>Veja\u00ae Banheiro X14 Tira Limo 2 em 1 com cloro ativo 400ml desinfeta e branqueia \u2022 Tira limo 2 em 1 com cloro ativo \u2022 M\u00e1xima a\u00e7\u00e3o desinfetante\u00b9 e m\u00e1xima a\u00e7\u00e3o branqueadora \u2022 Tira limo das superf\u00edcies e deixa sem limo por at\u00e9 4 dias&hellip;<\/p>\n","protected":false},"featured_media":879,"template":"","meta":[],"product_brand":[],"product_cat":[54,53,19],"product_tag":[],"class_list":{"0":"post-876","1":"product","2":"type-product","3":"status-publish","4":"has-post-thumbnail","6":"product_cat-limpeza-diaria","7":"product_cat-multiusos","8":"product_cat-limpeza-pesada","10":"first","11":"outofstock","12":"shipping-taxable","13":"purchasable","14":"product-type-simple"},"_links":{"self":[{"href":"https:\/\/bellocapricho.com.br\/loja\/index.php\/wp-json\/wp\/v2\/product\/876","targetHints":{"allow":["GET"]}}],"collection":[{"href":"https:\/\/bellocapricho.com.br\/loja\/index.php\/wp-json\/wp\/v2\/product"}],"about":[{"href":"https:\/\/bellocapricho.com.br\/loja\/index.php\/wp-json\/wp\/v2\/types\/product"}],"wp:featuredmedia":[{"embeddable":true,"href":"https:\/\/bellocapricho.com.br\/loja\/index.php\/wp-json\/wp\/v2\/media\/879"}],"wp:attachment":[{"href":"https:\/\/bellocapricho.com.br\/loja\/index.php\/wp-json\/wp\/v2\/media?parent=876"}],"wp:term":[{"taxonomy":"product_brand","embeddable":true,"href":"https:\/\/bellocapricho.com.br\/loja\/index.php\/wp-json\/wp\/v2\/product_brand?post=876"},{"taxonomy":"product_cat","embeddable":true,"href":"https:\/\/bellocapricho.com.br\/loja\/index.php\/wp-json\/wp\/v2\/product_cat?post=876"},{"taxonomy":"product_tag","embeddable":true,"href":"https:\/\/bellocapricho.com.br\/loja\/index.php\/wp-json\/wp\/v2\/product_tag?post=876"}],"curies":[{"name":"wp","href":"https:\/\/api.w.org\/{rel}","templated":true}]}}