{"id":868,"date":"2024-07-26T00:56:01","date_gmt":"2024-07-26T03:56:01","guid":{"rendered":"https:\/\/bellocapricho.com.br\/loja\/?post_type=product&#038;p=868"},"modified":"2026-04-04T15:32:51","modified_gmt":"2026-04-04T18:32:51","slug":"cera-liquida-ardosia-brilho-facil-750-ml","status":"publish","type":"product","link":"https:\/\/bellocapricho.com.br\/loja\/index.php\/produto\/cera-liquida-ardosia-brilho-facil-750-ml\/","title":{"rendered":"Cera L\u00edquida Ard\u00f3sia Brilho F\u00e1cil 750 ml"},"content":{"rendered":"<p>A cera l\u00edquida Brilho F\u00e1cil deixa o piso com aspecto espelhado e impec\u00e1vel, formando uma pel\u00edcula especial, que reaviva cores, tem efeito antip\u00f3 e protege contra riscos.<\/p>\n","protected":false},"excerpt":{"rendered":"<p>A cera l\u00edquida Brilho F\u00e1cil deixa o piso com aspecto espelhado e impec\u00e1vel, formando uma pel\u00edcula especial, que reaviva cores, tem efeito antip\u00f3 e protege contra riscos.<\/p>\n","protected":false},"featured_media":870,"template":"","meta":[],"product_brand":[],"product_cat":[66],"product_tag":[],"class_list":{"0":"post-868","1":"product","2":"type-product","3":"status-publish","4":"has-post-thumbnail","6":"product_cat-cera","8":"first","9":"instock","10":"shipping-taxable","11":"purchasable","12":"product-type-simple"},"_links":{"self":[{"href":"https:\/\/bellocapricho.com.br\/loja\/index.php\/wp-json\/wp\/v2\/product\/868","targetHints":{"allow":["GET"]}}],"collection":[{"href":"https:\/\/bellocapricho.com.br\/loja\/index.php\/wp-json\/wp\/v2\/product"}],"about":[{"href":"https:\/\/bellocapricho.com.br\/loja\/index.php\/wp-json\/wp\/v2\/types\/product"}],"wp:featuredmedia":[{"embeddable":true,"href":"https:\/\/bellocapricho.com.br\/loja\/index.php\/wp-json\/wp\/v2\/media\/870"}],"wp:attachment":[{"href":"https:\/\/bellocapricho.com.br\/loja\/index.php\/wp-json\/wp\/v2\/media?parent=868"}],"wp:term":[{"taxonomy":"product_brand","embeddable":true,"href":"https:\/\/bellocapricho.com.br\/loja\/index.php\/wp-json\/wp\/v2\/product_brand?post=868"},{"taxonomy":"product_cat","embeddable":true,"href":"https:\/\/bellocapricho.com.br\/loja\/index.php\/wp-json\/wp\/v2\/product_cat?post=868"},{"taxonomy":"product_tag","embeddable":true,"href":"https:\/\/bellocapricho.com.br\/loja\/index.php\/wp-json\/wp\/v2\/product_tag?post=868"}],"curies":[{"name":"wp","href":"https:\/\/api.w.org\/{rel}","templated":true}]}}