{"id":860,"date":"2024-07-26T00:49:07","date_gmt":"2024-07-26T03:49:07","guid":{"rendered":"https:\/\/bellocapricho.com.br\/loja\/?post_type=product&#038;p=860"},"modified":"2026-04-04T12:57:10","modified_gmt":"2026-04-04T15:57:10","slug":"veja-perfumes-lirios-do-nilo-500ml","status":"publish","type":"product","link":"https:\/\/bellocapricho.com.br\/loja\/index.php\/produto\/veja-perfumes-lirios-do-nilo-500ml\/","title":{"rendered":"Veja Perfumes L\u00edrios do Nilo 500ml"},"content":{"rendered":"<p>Veja\u00ae Perfumes L\u00edrios do Nilo 500ml deixa sua casa ainda mais acolhedora com sua pr\u00e1tica limpeza e perfume duradouro.<\/p>\n<p>\u2022 Neutraliza maus odores da casa\u00b9<br \/>\n\u2022 Perfuma\u00e7\u00e3o prolongada com sensa\u00e7\u00e3o de casa limpa por mais tempo\u00b2<br \/>\n\u2022 Efici\u00eancia da limpeza de Veja com a sofistica\u00e7\u00e3o de ingredientes internacionais<br \/>\n\u2022 Desenvolvido por perfumistas renomados<\/p>\n<p>500ml<\/p>\n","protected":false},"excerpt":{"rendered":"<p>Veja\u00ae Perfumes L\u00edrios do Nilo 500ml deixa sua casa ainda mais acolhedora com sua pr\u00e1tica limpeza e perfume duradouro. \u2022 Neutraliza maus odores da casa\u00b9 \u2022 Perfuma\u00e7\u00e3o prolongada com sensa\u00e7\u00e3o de casa limpa por mais tempo\u00b2 \u2022 Efici\u00eancia da limpeza de Veja com a sofistica\u00e7\u00e3o&hellip;<\/p>\n","protected":false},"featured_media":863,"template":"","meta":[],"product_brand":[],"product_cat":[54],"product_tag":[],"class_list":{"0":"post-860","1":"product","2":"type-product","3":"status-publish","4":"has-post-thumbnail","6":"product_cat-limpeza-diaria","8":"first","9":"outofstock","10":"shipping-taxable","11":"purchasable","12":"product-type-simple"},"_links":{"self":[{"href":"https:\/\/bellocapricho.com.br\/loja\/index.php\/wp-json\/wp\/v2\/product\/860","targetHints":{"allow":["GET"]}}],"collection":[{"href":"https:\/\/bellocapricho.com.br\/loja\/index.php\/wp-json\/wp\/v2\/product"}],"about":[{"href":"https:\/\/bellocapricho.com.br\/loja\/index.php\/wp-json\/wp\/v2\/types\/product"}],"wp:featuredmedia":[{"embeddable":true,"href":"https:\/\/bellocapricho.com.br\/loja\/index.php\/wp-json\/wp\/v2\/media\/863"}],"wp:attachment":[{"href":"https:\/\/bellocapricho.com.br\/loja\/index.php\/wp-json\/wp\/v2\/media?parent=860"}],"wp:term":[{"taxonomy":"product_brand","embeddable":true,"href":"https:\/\/bellocapricho.com.br\/loja\/index.php\/wp-json\/wp\/v2\/product_brand?post=860"},{"taxonomy":"product_cat","embeddable":true,"href":"https:\/\/bellocapricho.com.br\/loja\/index.php\/wp-json\/wp\/v2\/product_cat?post=860"},{"taxonomy":"product_tag","embeddable":true,"href":"https:\/\/bellocapricho.com.br\/loja\/index.php\/wp-json\/wp\/v2\/product_tag?post=860"}],"curies":[{"name":"wp","href":"https:\/\/api.w.org\/{rel}","templated":true}]}}