{"id":857,"date":"2024-07-26T00:44:37","date_gmt":"2024-07-26T03:44:37","guid":{"rendered":"https:\/\/bellocapricho.com.br\/loja\/?post_type=product&#038;p=857"},"modified":"2026-04-04T10:50:10","modified_gmt":"2026-04-04T13:50:10","slug":"veja-limpeza-pesada-x-14-e-cloro-ativo-500ml","status":"publish","type":"product","link":"https:\/\/bellocapricho.com.br\/loja\/index.php\/produto\/veja-limpeza-pesada-x-14-e-cloro-ativo-500ml\/","title":{"rendered":"Veja Limpeza Pesada X-14 e Cloro Ativo 500ml"},"content":{"rendered":"<p>Veja\u00ae Limpeza Pesada X-14 500ml com Cloro Ativo limpa, branqueia\u00b9 e desinfeta\u00b2, removendo at\u00e9 as sujeiras mais dif\u00edceis e matando 99,9% das bact\u00e9rias\u00b2. Com a\u00e7\u00e3o profunda na remo\u00e7\u00e3o de sujeiras escuras (limo) que se formam entre os pisos.<\/p>\n<p>500ml<\/p>\n","protected":false},"excerpt":{"rendered":"<p>Veja\u00ae Limpeza Pesada X-14 500ml com Cloro Ativo limpa, branqueia\u00b9 e desinfeta\u00b2, removendo at\u00e9 as sujeiras mais dif\u00edceis e matando 99,9% das bact\u00e9rias\u00b2. Com a\u00e7\u00e3o profunda na remo\u00e7\u00e3o de sujeiras escuras (limo) que se formam entre os pisos. 500ml<\/p>\n","protected":false},"featured_media":859,"template":"","meta":[],"product_brand":[],"product_cat":[54,53,19],"product_tag":[],"class_list":{"0":"post-857","1":"product","2":"type-product","3":"status-publish","4":"has-post-thumbnail","6":"product_cat-limpeza-diaria","7":"product_cat-multiusos","8":"product_cat-limpeza-pesada","10":"first","11":"outofstock","12":"shipping-taxable","13":"purchasable","14":"product-type-simple"},"_links":{"self":[{"href":"https:\/\/bellocapricho.com.br\/loja\/index.php\/wp-json\/wp\/v2\/product\/857","targetHints":{"allow":["GET"]}}],"collection":[{"href":"https:\/\/bellocapricho.com.br\/loja\/index.php\/wp-json\/wp\/v2\/product"}],"about":[{"href":"https:\/\/bellocapricho.com.br\/loja\/index.php\/wp-json\/wp\/v2\/types\/product"}],"wp:featuredmedia":[{"embeddable":true,"href":"https:\/\/bellocapricho.com.br\/loja\/index.php\/wp-json\/wp\/v2\/media\/859"}],"wp:attachment":[{"href":"https:\/\/bellocapricho.com.br\/loja\/index.php\/wp-json\/wp\/v2\/media?parent=857"}],"wp:term":[{"taxonomy":"product_brand","embeddable":true,"href":"https:\/\/bellocapricho.com.br\/loja\/index.php\/wp-json\/wp\/v2\/product_brand?post=857"},{"taxonomy":"product_cat","embeddable":true,"href":"https:\/\/bellocapricho.com.br\/loja\/index.php\/wp-json\/wp\/v2\/product_cat?post=857"},{"taxonomy":"product_tag","embeddable":true,"href":"https:\/\/bellocapricho.com.br\/loja\/index.php\/wp-json\/wp\/v2\/product_tag?post=857"}],"curies":[{"name":"wp","href":"https:\/\/api.w.org\/{rel}","templated":true}]}}