{"id":855,"date":"2024-07-26T00:42:30","date_gmt":"2024-07-26T03:42:30","guid":{"rendered":"https:\/\/bellocapricho.com.br\/loja\/?post_type=product&#038;p=855"},"modified":"2026-04-04T12:35:47","modified_gmt":"2026-04-04T15:35:47","slug":"veja-multiuso-power-fusion-laranja-500ml","status":"publish","type":"product","link":"https:\/\/bellocapricho.com.br\/loja\/index.php\/produto\/veja-multiuso-power-fusion-laranja-500ml\/","title":{"rendered":"Veja Multiuso Power Fusion Laranja 500ml"},"content":{"rendered":"<p>A linha Veja Multiuso Power Fusion \u00e9 focada na limpeza do dia a dia de sua casa e vai te ajudar a eliminar diversas sujeiras e res\u00edduos com praticidade.\u00a0 Conhe\u00e7a os produtos e ofere\u00e7a o melhor bem-estar para sua fam\u00edlia.<\/p>\n<p>Laranja+Bicarbonato de S\u00f3dio+\u00c1lcool<\/p>\n<p>500ml<\/p>\n","protected":false},"excerpt":{"rendered":"<p>A linha Veja Multiuso Power Fusion \u00e9 focada na limpeza do dia a dia de sua casa e vai te ajudar a eliminar diversas sujeiras e res\u00edduos com praticidade.\u00a0 Conhe\u00e7a os produtos e ofere\u00e7a o melhor bem-estar para sua fam\u00edlia. Laranja+Bicarbonato de S\u00f3dio+\u00c1lcool 500ml<\/p>\n","protected":false},"featured_media":856,"template":"","meta":[],"product_brand":[],"product_cat":[54,53],"product_tag":[],"class_list":{"0":"post-855","1":"product","2":"type-product","3":"status-publish","4":"has-post-thumbnail","6":"product_cat-limpeza-diaria","7":"product_cat-multiusos","9":"first","10":"instock","11":"shipping-taxable","12":"purchasable","13":"product-type-simple"},"_links":{"self":[{"href":"https:\/\/bellocapricho.com.br\/loja\/index.php\/wp-json\/wp\/v2\/product\/855","targetHints":{"allow":["GET"]}}],"collection":[{"href":"https:\/\/bellocapricho.com.br\/loja\/index.php\/wp-json\/wp\/v2\/product"}],"about":[{"href":"https:\/\/bellocapricho.com.br\/loja\/index.php\/wp-json\/wp\/v2\/types\/product"}],"wp:featuredmedia":[{"embeddable":true,"href":"https:\/\/bellocapricho.com.br\/loja\/index.php\/wp-json\/wp\/v2\/media\/856"}],"wp:attachment":[{"href":"https:\/\/bellocapricho.com.br\/loja\/index.php\/wp-json\/wp\/v2\/media?parent=855"}],"wp:term":[{"taxonomy":"product_brand","embeddable":true,"href":"https:\/\/bellocapricho.com.br\/loja\/index.php\/wp-json\/wp\/v2\/product_brand?post=855"},{"taxonomy":"product_cat","embeddable":true,"href":"https:\/\/bellocapricho.com.br\/loja\/index.php\/wp-json\/wp\/v2\/product_cat?post=855"},{"taxonomy":"product_tag","embeddable":true,"href":"https:\/\/bellocapricho.com.br\/loja\/index.php\/wp-json\/wp\/v2\/product_tag?post=855"}],"curies":[{"name":"wp","href":"https:\/\/api.w.org\/{rel}","templated":true}]}}