{"id":846,"date":"2024-07-26T00:34:45","date_gmt":"2024-07-26T03:34:45","guid":{"rendered":"https:\/\/bellocapricho.com.br\/loja\/?post_type=product&#038;p=846"},"modified":"2026-04-05T06:05:24","modified_gmt":"2026-04-05T09:05:24","slug":"polidor-de-metais-polidoro-200-ml","status":"publish","type":"product","link":"https:\/\/bellocapricho.com.br\/loja\/index.php\/produto\/polidor-de-metais-polidoro-200-ml\/","title":{"rendered":"Polidor de Metais Limpa e da Brilho Polidoro 200 ml"},"content":{"rendered":"<p>O Polidor de metais\u00a0<span class=\"b nobelinstitucional-store-components-0-x-strong\">POLIDORO<\/span>, renova as suas pe\u00e7as de lat\u00e3o, cobre, bronze, alum\u00ednio e a\u00e7o. POLIDORO\u00a0<span class=\"b nobelinstitucional-store-components-0-x-strong\">limpa<\/span>\u00a0e\u00a0<span class=\"b nobelinstitucional-store-components-0-x-strong\">d\u00e1 brilho sem esfor\u00e7o.<\/span><\/p>\n","protected":false},"excerpt":{"rendered":"<p>O Polidor de metais\u00a0POLIDORO, renova as suas pe\u00e7as de lat\u00e3o, cobre, bronze, alum\u00ednio e a\u00e7o. POLIDORO\u00a0limpa\u00a0e\u00a0d\u00e1 brilho sem esfor\u00e7o.<\/p>\n","protected":false},"featured_media":847,"template":"","meta":[],"product_brand":[],"product_cat":[65],"product_tag":[],"class_list":{"0":"post-846","1":"product","2":"type-product","3":"status-publish","4":"has-post-thumbnail","6":"product_cat-polidor-de-metais","8":"first","9":"outofstock","10":"shipping-taxable","11":"purchasable","12":"product-type-simple"},"_links":{"self":[{"href":"https:\/\/bellocapricho.com.br\/loja\/index.php\/wp-json\/wp\/v2\/product\/846","targetHints":{"allow":["GET"]}}],"collection":[{"href":"https:\/\/bellocapricho.com.br\/loja\/index.php\/wp-json\/wp\/v2\/product"}],"about":[{"href":"https:\/\/bellocapricho.com.br\/loja\/index.php\/wp-json\/wp\/v2\/types\/product"}],"wp:featuredmedia":[{"embeddable":true,"href":"https:\/\/bellocapricho.com.br\/loja\/index.php\/wp-json\/wp\/v2\/media\/847"}],"wp:attachment":[{"href":"https:\/\/bellocapricho.com.br\/loja\/index.php\/wp-json\/wp\/v2\/media?parent=846"}],"wp:term":[{"taxonomy":"product_brand","embeddable":true,"href":"https:\/\/bellocapricho.com.br\/loja\/index.php\/wp-json\/wp\/v2\/product_brand?post=846"},{"taxonomy":"product_cat","embeddable":true,"href":"https:\/\/bellocapricho.com.br\/loja\/index.php\/wp-json\/wp\/v2\/product_cat?post=846"},{"taxonomy":"product_tag","embeddable":true,"href":"https:\/\/bellocapricho.com.br\/loja\/index.php\/wp-json\/wp\/v2\/product_tag?post=846"}],"curies":[{"name":"wp","href":"https:\/\/api.w.org\/{rel}","templated":true}]}}