{"id":840,"date":"2024-07-26T00:22:12","date_gmt":"2024-07-26T03:22:12","guid":{"rendered":"https:\/\/bellocapricho.com.br\/loja\/?post_type=product&#038;p=840"},"modified":"2026-04-04T15:43:31","modified_gmt":"2026-04-04T18:43:31","slug":"veja-limpeza-pesada-original-com-alcool-500ml","status":"publish","type":"product","link":"https:\/\/bellocapricho.com.br\/loja\/index.php\/produto\/veja-limpeza-pesada-original-com-alcool-500ml\/","title":{"rendered":"Veja Limpeza Pesada Original com \u00c1lcool 500ml"},"content":{"rendered":"<p>Veja Limpeza Pesada remove as sujeiras dif\u00edceis dos pisos, garantindo r\u00e1pida a\u00e7\u00e3o sem esfor\u00e7o. Cada variante promove um benef\u00edcio diferente para a limpeza de sua casa.<\/p>\n","protected":false},"excerpt":{"rendered":"<p>Veja Limpeza Pesada remove as sujeiras dif\u00edceis dos pisos, garantindo r\u00e1pida a\u00e7\u00e3o sem esfor\u00e7o. Cada variante promove um benef\u00edcio diferente para a limpeza de sua casa.<\/p>\n","protected":false},"featured_media":843,"template":"","meta":[],"product_brand":[],"product_cat":[54,53,19],"product_tag":[],"class_list":{"0":"post-840","1":"product","2":"type-product","3":"status-publish","4":"has-post-thumbnail","6":"product_cat-limpeza-diaria","7":"product_cat-multiusos","8":"product_cat-limpeza-pesada","10":"first","11":"instock","12":"shipping-taxable","13":"purchasable","14":"product-type-simple"},"_links":{"self":[{"href":"https:\/\/bellocapricho.com.br\/loja\/index.php\/wp-json\/wp\/v2\/product\/840","targetHints":{"allow":["GET"]}}],"collection":[{"href":"https:\/\/bellocapricho.com.br\/loja\/index.php\/wp-json\/wp\/v2\/product"}],"about":[{"href":"https:\/\/bellocapricho.com.br\/loja\/index.php\/wp-json\/wp\/v2\/types\/product"}],"wp:featuredmedia":[{"embeddable":true,"href":"https:\/\/bellocapricho.com.br\/loja\/index.php\/wp-json\/wp\/v2\/media\/843"}],"wp:attachment":[{"href":"https:\/\/bellocapricho.com.br\/loja\/index.php\/wp-json\/wp\/v2\/media?parent=840"}],"wp:term":[{"taxonomy":"product_brand","embeddable":true,"href":"https:\/\/bellocapricho.com.br\/loja\/index.php\/wp-json\/wp\/v2\/product_brand?post=840"},{"taxonomy":"product_cat","embeddable":true,"href":"https:\/\/bellocapricho.com.br\/loja\/index.php\/wp-json\/wp\/v2\/product_cat?post=840"},{"taxonomy":"product_tag","embeddable":true,"href":"https:\/\/bellocapricho.com.br\/loja\/index.php\/wp-json\/wp\/v2\/product_tag?post=840"}],"curies":[{"name":"wp","href":"https:\/\/api.w.org\/{rel}","templated":true}]}}