{"id":835,"date":"2024-07-26T00:22:38","date_gmt":"2024-07-26T03:22:38","guid":{"rendered":"https:\/\/bellocapricho.com.br\/loja\/?post_type=product&#038;p=835"},"modified":"2026-04-04T18:43:37","modified_gmt":"2026-04-04T21:43:37","slug":"destac-brilha-moveis-3-em-1-200-ml-lavanda","status":"publish","type":"product","link":"https:\/\/bellocapricho.com.br\/loja\/index.php\/produto\/destac-brilha-moveis-3-em-1-200-ml-lavanda\/","title":{"rendered":"Destac Brilha M\u00f3veis 3 em 1 200 ml &#8211; Lavanda"},"content":{"rendered":"<p>Destac Brilha M\u00f3veis limpa, perfuma, d\u00e1 brilho e protege seus m\u00f3veis j\u00e1 no primeiro uso. Mais que um lustra-m\u00f3veis, ele \u00e9 ideal para a limpeza de madeira tratada, vidros, boxe de banheiro, revestimento de porcelanato, azulejos, arm\u00e1rios planejados, superf\u00edcies de m\u00e1rmore e granito, vidros, espelhos, pl\u00e1sticos, esmaltados e eletrodom\u00e9sticos.<\/p>\n","protected":false},"excerpt":{"rendered":"<p>Destac Brilha M\u00f3veis limpa, perfuma, d\u00e1 brilho e protege seus m\u00f3veis j\u00e1 no primeiro uso. Mais que um lustra-m\u00f3veis, ele \u00e9 ideal para a limpeza de madeira tratada, vidros, boxe de banheiro, revestimento de porcelanato, azulejos, arm\u00e1rios planejados, superf\u00edcies de m\u00e1rmore e granito, vidros, espelhos,&hellip;<\/p>\n","protected":false},"featured_media":838,"template":"","meta":[],"product_brand":[],"product_cat":[64],"product_tag":[],"class_list":{"0":"post-835","1":"product","2":"type-product","3":"status-publish","4":"has-post-thumbnail","6":"product_cat-lustra-moveis","8":"first","9":"instock","10":"shipping-taxable","11":"purchasable","12":"product-type-simple"},"_links":{"self":[{"href":"https:\/\/bellocapricho.com.br\/loja\/index.php\/wp-json\/wp\/v2\/product\/835","targetHints":{"allow":["GET"]}}],"collection":[{"href":"https:\/\/bellocapricho.com.br\/loja\/index.php\/wp-json\/wp\/v2\/product"}],"about":[{"href":"https:\/\/bellocapricho.com.br\/loja\/index.php\/wp-json\/wp\/v2\/types\/product"}],"wp:featuredmedia":[{"embeddable":true,"href":"https:\/\/bellocapricho.com.br\/loja\/index.php\/wp-json\/wp\/v2\/media\/838"}],"wp:attachment":[{"href":"https:\/\/bellocapricho.com.br\/loja\/index.php\/wp-json\/wp\/v2\/media?parent=835"}],"wp:term":[{"taxonomy":"product_brand","embeddable":true,"href":"https:\/\/bellocapricho.com.br\/loja\/index.php\/wp-json\/wp\/v2\/product_brand?post=835"},{"taxonomy":"product_cat","embeddable":true,"href":"https:\/\/bellocapricho.com.br\/loja\/index.php\/wp-json\/wp\/v2\/product_cat?post=835"},{"taxonomy":"product_tag","embeddable":true,"href":"https:\/\/bellocapricho.com.br\/loja\/index.php\/wp-json\/wp\/v2\/product_tag?post=835"}],"curies":[{"name":"wp","href":"https:\/\/api.w.org\/{rel}","templated":true}]}}