{"id":833,"date":"2024-07-26T00:17:19","date_gmt":"2024-07-26T03:17:19","guid":{"rendered":"https:\/\/bellocapricho.com.br\/loja\/?post_type=product&#038;p=833"},"modified":"2026-04-04T14:54:07","modified_gmt":"2026-04-04T17:54:07","slug":"veja-gold-multiuso-lavanda-500ml","status":"publish","type":"product","link":"https:\/\/bellocapricho.com.br\/loja\/index.php\/produto\/veja-gold-multiuso-lavanda-500ml\/","title":{"rendered":"Veja Gold Multiuso Lavanda 500ml"},"content":{"rendered":"<p>A linha Veja Multiuso foi criada h\u00e1 mais de 50 anos para oferecer praticidade e efici\u00eancia na limpeza do dia a dia de sua casa. Te ajuda a eliminar diversas sujeiras e res\u00edduos, e agora conta com poder de desinfec\u00e7\u00e3o matando 99,9% dos germes e bact\u00e9rias.<\/p>\n","protected":false},"excerpt":{"rendered":"<p>A linha Veja Multiuso foi criada h\u00e1 mais de 50 anos para oferecer praticidade e efici\u00eancia na limpeza do dia a dia de sua casa. Te ajuda a eliminar diversas sujeiras e res\u00edduos, e agora conta com poder de desinfec\u00e7\u00e3o matando 99,9% dos germes e&hellip;<\/p>\n","protected":false},"featured_media":836,"template":"","meta":[],"product_brand":[],"product_cat":[54,53],"product_tag":[],"class_list":{"0":"post-833","1":"product","2":"type-product","3":"status-publish","4":"has-post-thumbnail","6":"product_cat-limpeza-diaria","7":"product_cat-multiusos","9":"first","10":"instock","11":"shipping-taxable","12":"purchasable","13":"product-type-simple"},"_links":{"self":[{"href":"https:\/\/bellocapricho.com.br\/loja\/index.php\/wp-json\/wp\/v2\/product\/833","targetHints":{"allow":["GET"]}}],"collection":[{"href":"https:\/\/bellocapricho.com.br\/loja\/index.php\/wp-json\/wp\/v2\/product"}],"about":[{"href":"https:\/\/bellocapricho.com.br\/loja\/index.php\/wp-json\/wp\/v2\/types\/product"}],"wp:featuredmedia":[{"embeddable":true,"href":"https:\/\/bellocapricho.com.br\/loja\/index.php\/wp-json\/wp\/v2\/media\/836"}],"wp:attachment":[{"href":"https:\/\/bellocapricho.com.br\/loja\/index.php\/wp-json\/wp\/v2\/media?parent=833"}],"wp:term":[{"taxonomy":"product_brand","embeddable":true,"href":"https:\/\/bellocapricho.com.br\/loja\/index.php\/wp-json\/wp\/v2\/product_brand?post=833"},{"taxonomy":"product_cat","embeddable":true,"href":"https:\/\/bellocapricho.com.br\/loja\/index.php\/wp-json\/wp\/v2\/product_cat?post=833"},{"taxonomy":"product_tag","embeddable":true,"href":"https:\/\/bellocapricho.com.br\/loja\/index.php\/wp-json\/wp\/v2\/product_tag?post=833"}],"curies":[{"name":"wp","href":"https:\/\/api.w.org\/{rel}","templated":true}]}}