{"id":831,"date":"2024-07-26T00:14:24","date_gmt":"2024-07-26T03:14:24","guid":{"rendered":"https:\/\/bellocapricho.com.br\/loja\/?post_type=product&#038;p=831"},"modified":"2026-04-08T08:18:18","modified_gmt":"2026-04-08T11:18:18","slug":"veja-multiuso-explosao-de-perfume-frescor-violeta-500ml","status":"publish","type":"product","link":"https:\/\/bellocapricho.com.br\/loja\/index.php\/produto\/veja-multiuso-explosao-de-perfume-frescor-violeta-500ml\/","title":{"rendered":"Veja Multiuso Explos\u00e3o de Perfume Frescor Violeta 500ml"},"content":{"rendered":"<p>O Veja\u00ae Multiuso Explos\u00e3o de Perfume Frescor Violeta \u00e9 o produto ideal para a limpeza pr\u00e1tica do dia a dia, com uma fragr\u00e2ncia moderna e intensa, deixando sua casa com um cheirinho irresist\u00edvel por mais tempo. Redefina sua experi\u00eancia de limpeza.<\/p>\n<p>\u2022 M\u00e1xima limpeza sem esfor\u00e7o<br \/>\n\u2022 F\u00e1cil aplica\u00e7\u00e3o para limpeza pr\u00e1tica e r\u00e1pida<br \/>\n\u2022 Elimina 100% da sujeira\u00b9 com garantia de resultados imbat\u00edveis\u00b2<br \/>\n\u2022 Ideal para diversos tipos de sujeiras em multisuperf\u00edcies lav\u00e1veis<\/p>\n","protected":false},"excerpt":{"rendered":"<p>O Veja\u00ae Multiuso Explos\u00e3o de Perfume Frescor Violeta \u00e9 o produto ideal para a limpeza pr\u00e1tica do dia a dia, com uma fragr\u00e2ncia moderna e intensa, deixando sua casa com um cheirinho irresist\u00edvel por mais tempo. Redefina sua experi\u00eancia de limpeza. \u2022 M\u00e1xima limpeza sem&hellip;<\/p>\n","protected":false},"featured_media":832,"template":"","meta":[],"product_brand":[],"product_cat":[54,53],"product_tag":[],"class_list":{"0":"post-831","1":"product","2":"type-product","3":"status-publish","4":"has-post-thumbnail","6":"product_cat-limpeza-diaria","7":"product_cat-multiusos","9":"first","10":"outofstock","11":"shipping-taxable","12":"purchasable","13":"product-type-simple"},"_links":{"self":[{"href":"https:\/\/bellocapricho.com.br\/loja\/index.php\/wp-json\/wp\/v2\/product\/831","targetHints":{"allow":["GET"]}}],"collection":[{"href":"https:\/\/bellocapricho.com.br\/loja\/index.php\/wp-json\/wp\/v2\/product"}],"about":[{"href":"https:\/\/bellocapricho.com.br\/loja\/index.php\/wp-json\/wp\/v2\/types\/product"}],"wp:featuredmedia":[{"embeddable":true,"href":"https:\/\/bellocapricho.com.br\/loja\/index.php\/wp-json\/wp\/v2\/media\/832"}],"wp:attachment":[{"href":"https:\/\/bellocapricho.com.br\/loja\/index.php\/wp-json\/wp\/v2\/media?parent=831"}],"wp:term":[{"taxonomy":"product_brand","embeddable":true,"href":"https:\/\/bellocapricho.com.br\/loja\/index.php\/wp-json\/wp\/v2\/product_brand?post=831"},{"taxonomy":"product_cat","embeddable":true,"href":"https:\/\/bellocapricho.com.br\/loja\/index.php\/wp-json\/wp\/v2\/product_cat?post=831"},{"taxonomy":"product_tag","embeddable":true,"href":"https:\/\/bellocapricho.com.br\/loja\/index.php\/wp-json\/wp\/v2\/product_tag?post=831"}],"curies":[{"name":"wp","href":"https:\/\/api.w.org\/{rel}","templated":true}]}}