{"id":826,"date":"2024-07-26T00:09:51","date_gmt":"2024-07-26T03:09:51","guid":{"rendered":"https:\/\/bellocapricho.com.br\/loja\/?post_type=product&#038;p=826"},"modified":"2026-04-04T10:30:08","modified_gmt":"2026-04-04T13:30:08","slug":"jimo-cupim-incolor-aerossol-400-ml","status":"publish","type":"product","link":"https:\/\/bellocapricho.com.br\/loja\/index.php\/produto\/jimo-cupim-incolor-aerossol-400-ml\/","title":{"rendered":"JIMO Cupim Incolor Aerossol 400 ml"},"content":{"rendered":"<p>JIMO Cupim \u00e9 um inseticida pronto para uso eficaz contra cupins e brocas, desenvolvido para o tratamento preventivo e curativo da madeira seca em ambientes internos ou externos. Penetra profundamente nos veios da madeira, possui alto poder residual e de fixa\u00e7\u00e3o do princ\u00edpio ativo. \u00c9 recomendado para v\u00e1rios tipos de madeira, podendo ser aplicado em assoalhos, forros, portas, janelas, m\u00f3veis e madeiramentos de telhados.<br \/>\nJIMO Cupim Incolor Aerossol penetra profundamente nos veios da madeira e n\u00e3o altera a sua colora\u00e7\u00e3o original.<\/p>\n","protected":false},"excerpt":{"rendered":"<p>JIMO Cupim \u00e9 um inseticida pronto para uso eficaz contra cupins e brocas, desenvolvido para o tratamento preventivo e curativo da madeira seca em ambientes internos ou externos. Penetra profundamente nos veios da madeira, possui alto poder residual e de fixa\u00e7\u00e3o do princ\u00edpio ativo. \u00c9&hellip;<\/p>\n","protected":false},"featured_media":829,"template":"","meta":[],"product_brand":[],"product_cat":[62],"product_tag":[],"class_list":{"0":"post-826","1":"product","2":"type-product","3":"status-publish","4":"has-post-thumbnail","6":"product_cat-inseticida","8":"first","9":"outofstock","10":"shipping-taxable","11":"purchasable","12":"product-type-simple"},"_links":{"self":[{"href":"https:\/\/bellocapricho.com.br\/loja\/index.php\/wp-json\/wp\/v2\/product\/826","targetHints":{"allow":["GET"]}}],"collection":[{"href":"https:\/\/bellocapricho.com.br\/loja\/index.php\/wp-json\/wp\/v2\/product"}],"about":[{"href":"https:\/\/bellocapricho.com.br\/loja\/index.php\/wp-json\/wp\/v2\/types\/product"}],"wp:featuredmedia":[{"embeddable":true,"href":"https:\/\/bellocapricho.com.br\/loja\/index.php\/wp-json\/wp\/v2\/media\/829"}],"wp:attachment":[{"href":"https:\/\/bellocapricho.com.br\/loja\/index.php\/wp-json\/wp\/v2\/media?parent=826"}],"wp:term":[{"taxonomy":"product_brand","embeddable":true,"href":"https:\/\/bellocapricho.com.br\/loja\/index.php\/wp-json\/wp\/v2\/product_brand?post=826"},{"taxonomy":"product_cat","embeddable":true,"href":"https:\/\/bellocapricho.com.br\/loja\/index.php\/wp-json\/wp\/v2\/product_cat?post=826"},{"taxonomy":"product_tag","embeddable":true,"href":"https:\/\/bellocapricho.com.br\/loja\/index.php\/wp-json\/wp\/v2\/product_tag?post=826"}],"curies":[{"name":"wp","href":"https:\/\/api.w.org\/{rel}","templated":true}]}}