{"id":821,"date":"2024-07-26T00:04:30","date_gmt":"2024-07-26T03:04:30","guid":{"rendered":"https:\/\/bellocapricho.com.br\/loja\/?post_type=product&#038;p=821"},"modified":"2026-04-08T11:37:35","modified_gmt":"2026-04-08T14:37:35","slug":"jimo-limpa-vidros-aerossol-400-ml","status":"publish","type":"product","link":"https:\/\/bellocapricho.com.br\/loja\/index.php\/produto\/jimo-limpa-vidros-aerossol-400-ml\/","title":{"rendered":"JIMO Limpa-Vidros Aerossol 400 ml"},"content":{"rendered":"<p>JIMO LIMPA-VIDROS AEROSSOL remove sujeiras de diversas superf\u00edcies, tais como vitrines, janelas, espelhos, para-brisas, acr\u00edlicos, cristais etc. \u00c9 pr\u00e1tico porque a espuma adere na superf\u00edcie e n\u00e3o escorre, o que facilita a sua remo\u00e7\u00e3o, deixando a superf\u00edcie limpa e brilhante. Dispensa o enx\u00e1gue e n\u00e3o ocasiona manchas.<\/p>\n","protected":false},"excerpt":{"rendered":"<p>JIMO LIMPA-VIDROS AEROSSOL remove sujeiras de diversas superf\u00edcies, tais como vitrines, janelas, espelhos, para-brisas, acr\u00edlicos, cristais etc. \u00c9 pr\u00e1tico porque a espuma adere na superf\u00edcie e n\u00e3o escorre, o que facilita a sua remo\u00e7\u00e3o, deixando a superf\u00edcie limpa e brilhante. Dispensa o enx\u00e1gue e n\u00e3o&hellip;<\/p>\n","protected":false},"featured_media":825,"template":"","meta":[],"product_brand":[],"product_cat":[61],"product_tag":[],"class_list":{"0":"post-821","1":"product","2":"type-product","3":"status-publish","4":"has-post-thumbnail","6":"product_cat-limpa-vidros","8":"first","9":"outofstock","10":"shipping-taxable","11":"purchasable","12":"product-type-simple"},"_links":{"self":[{"href":"https:\/\/bellocapricho.com.br\/loja\/index.php\/wp-json\/wp\/v2\/product\/821","targetHints":{"allow":["GET"]}}],"collection":[{"href":"https:\/\/bellocapricho.com.br\/loja\/index.php\/wp-json\/wp\/v2\/product"}],"about":[{"href":"https:\/\/bellocapricho.com.br\/loja\/index.php\/wp-json\/wp\/v2\/types\/product"}],"wp:featuredmedia":[{"embeddable":true,"href":"https:\/\/bellocapricho.com.br\/loja\/index.php\/wp-json\/wp\/v2\/media\/825"}],"wp:attachment":[{"href":"https:\/\/bellocapricho.com.br\/loja\/index.php\/wp-json\/wp\/v2\/media?parent=821"}],"wp:term":[{"taxonomy":"product_brand","embeddable":true,"href":"https:\/\/bellocapricho.com.br\/loja\/index.php\/wp-json\/wp\/v2\/product_brand?post=821"},{"taxonomy":"product_cat","embeddable":true,"href":"https:\/\/bellocapricho.com.br\/loja\/index.php\/wp-json\/wp\/v2\/product_cat?post=821"},{"taxonomy":"product_tag","embeddable":true,"href":"https:\/\/bellocapricho.com.br\/loja\/index.php\/wp-json\/wp\/v2\/product_tag?post=821"}],"curies":[{"name":"wp","href":"https:\/\/api.w.org\/{rel}","templated":true}]}}