{"id":815,"date":"2024-07-25T23:55:41","date_gmt":"2024-07-26T02:55:41","guid":{"rendered":"https:\/\/bellocapricho.com.br\/loja\/?post_type=product&#038;p=815"},"modified":"2026-04-04T15:21:41","modified_gmt":"2026-04-04T18:21:41","slug":"sapolio-cremoso-com-cloro-radium-250-ml","status":"publish","type":"product","link":"https:\/\/bellocapricho.com.br\/loja\/index.php\/produto\/sapolio-cremoso-com-cloro-radium-250-ml\/","title":{"rendered":"Sap\u00f3lio Cremoso com Cloro Radium 250 ml"},"content":{"rendered":"<p>Sap\u00f3lio Cremoso com Cloro Radium 250ml Limpa, Desengordura e d\u00e1 brilho sem riscar. Auxilia na remo\u00e7\u00e3o de manchas e branqueia as superf\u00edcies.<\/p>\n","protected":false},"excerpt":{"rendered":"<p>Sap\u00f3lio Cremoso com Cloro Radium 250ml Limpa, Desengordura e d\u00e1 brilho sem riscar. Auxilia na remo\u00e7\u00e3o de manchas e branqueia as superf\u00edcies.<\/p>\n","protected":false},"featured_media":816,"template":"","meta":[],"product_brand":[],"product_cat":[53],"product_tag":[],"class_list":{"0":"post-815","1":"product","2":"type-product","3":"status-publish","4":"has-post-thumbnail","6":"product_cat-multiusos","8":"first","9":"outofstock","10":"shipping-taxable","11":"purchasable","12":"product-type-simple"},"_links":{"self":[{"href":"https:\/\/bellocapricho.com.br\/loja\/index.php\/wp-json\/wp\/v2\/product\/815","targetHints":{"allow":["GET"]}}],"collection":[{"href":"https:\/\/bellocapricho.com.br\/loja\/index.php\/wp-json\/wp\/v2\/product"}],"about":[{"href":"https:\/\/bellocapricho.com.br\/loja\/index.php\/wp-json\/wp\/v2\/types\/product"}],"wp:featuredmedia":[{"embeddable":true,"href":"https:\/\/bellocapricho.com.br\/loja\/index.php\/wp-json\/wp\/v2\/media\/816"}],"wp:attachment":[{"href":"https:\/\/bellocapricho.com.br\/loja\/index.php\/wp-json\/wp\/v2\/media?parent=815"}],"wp:term":[{"taxonomy":"product_brand","embeddable":true,"href":"https:\/\/bellocapricho.com.br\/loja\/index.php\/wp-json\/wp\/v2\/product_brand?post=815"},{"taxonomy":"product_cat","embeddable":true,"href":"https:\/\/bellocapricho.com.br\/loja\/index.php\/wp-json\/wp\/v2\/product_cat?post=815"},{"taxonomy":"product_tag","embeddable":true,"href":"https:\/\/bellocapricho.com.br\/loja\/index.php\/wp-json\/wp\/v2\/product_tag?post=815"}],"curies":[{"name":"wp","href":"https:\/\/api.w.org\/{rel}","templated":true}]}}