{"id":813,"date":"2024-07-25T23:49:02","date_gmt":"2024-07-26T02:49:02","guid":{"rendered":"https:\/\/bellocapricho.com.br\/loja\/?post_type=product&#038;p=813"},"modified":"2026-04-04T23:50:05","modified_gmt":"2026-04-05T02:50:05","slug":"sapolio-radium-multiuso-em-po-bombril-300g","status":"publish","type":"product","link":"https:\/\/bellocapricho.com.br\/loja\/index.php\/produto\/sapolio-radium-multiuso-em-po-bombril-300g\/","title":{"rendered":"Sap\u00f3lio Radium Multiuso em P\u00f3 Bombril 300g"},"content":{"rendered":"<p>O Sap\u00f3lio Radium em P\u00f3 possui alta abrasividade, e elimina as sujeiras que d\u00e3o ainda mais trabalho, sendo utilizada aplicando-os diretamente na superf\u00edcie, ou dilu\u00eddo em \u00e1gua. \u00c9 perfeito para remover as sujeiras das porcelanas, lou\u00e7as sanit\u00e1rias, pisos e vidros deixando-os limpos como novos.<\/p>\n","protected":false},"excerpt":{"rendered":"<p>O Sap\u00f3lio Radium em P\u00f3 possui alta abrasividade, e elimina as sujeiras que d\u00e3o ainda mais trabalho, sendo utilizada aplicando-os diretamente na superf\u00edcie, ou dilu\u00eddo em \u00e1gua. \u00c9 perfeito para remover as sujeiras das porcelanas, lou\u00e7as sanit\u00e1rias, pisos e vidros deixando-os limpos como novos.<\/p>\n","protected":false},"featured_media":814,"template":"","meta":[],"product_brand":[],"product_cat":[53],"product_tag":[],"class_list":{"0":"post-813","1":"product","2":"type-product","3":"status-publish","4":"has-post-thumbnail","6":"product_cat-multiusos","8":"first","9":"outofstock","10":"shipping-taxable","11":"purchasable","12":"product-type-simple"},"_links":{"self":[{"href":"https:\/\/bellocapricho.com.br\/loja\/index.php\/wp-json\/wp\/v2\/product\/813","targetHints":{"allow":["GET"]}}],"collection":[{"href":"https:\/\/bellocapricho.com.br\/loja\/index.php\/wp-json\/wp\/v2\/product"}],"about":[{"href":"https:\/\/bellocapricho.com.br\/loja\/index.php\/wp-json\/wp\/v2\/types\/product"}],"wp:featuredmedia":[{"embeddable":true,"href":"https:\/\/bellocapricho.com.br\/loja\/index.php\/wp-json\/wp\/v2\/media\/814"}],"wp:attachment":[{"href":"https:\/\/bellocapricho.com.br\/loja\/index.php\/wp-json\/wp\/v2\/media?parent=813"}],"wp:term":[{"taxonomy":"product_brand","embeddable":true,"href":"https:\/\/bellocapricho.com.br\/loja\/index.php\/wp-json\/wp\/v2\/product_brand?post=813"},{"taxonomy":"product_cat","embeddable":true,"href":"https:\/\/bellocapricho.com.br\/loja\/index.php\/wp-json\/wp\/v2\/product_cat?post=813"},{"taxonomy":"product_tag","embeddable":true,"href":"https:\/\/bellocapricho.com.br\/loja\/index.php\/wp-json\/wp\/v2\/product_tag?post=813"}],"curies":[{"name":"wp","href":"https:\/\/api.w.org\/{rel}","templated":true}]}}