{"id":811,"date":"2024-07-25T23:46:24","date_gmt":"2024-07-26T02:46:24","guid":{"rendered":"https:\/\/bellocapricho.com.br\/loja\/?post_type=product&#038;p=811"},"modified":"2026-04-04T15:21:45","modified_gmt":"2026-04-04T18:21:45","slug":"sapolio-radium-multiuso-cremoso-bombril-450-ml","status":"publish","type":"product","link":"https:\/\/bellocapricho.com.br\/loja\/index.php\/produto\/sapolio-radium-multiuso-cremoso-bombril-450-ml\/","title":{"rendered":"Sap\u00f3lio Radium Multiuso Cremoso Bombril 450 ml"},"content":{"rendered":"<p>Sap\u00f3lio Radium Multiuso Cremoso \u00e9 um produto completo, tem \u00f3tima performance: desengordura, remove manchas e d\u00e1 brilho sem riscar.<\/p>\n","protected":false},"excerpt":{"rendered":"<p>Sap\u00f3lio Radium Multiuso Cremoso \u00e9 um produto completo, tem \u00f3tima performance: desengordura, remove manchas e d\u00e1 brilho sem riscar.<\/p>\n","protected":false},"featured_media":812,"template":"","meta":[],"product_brand":[],"product_cat":[53],"product_tag":[],"class_list":{"0":"post-811","1":"product","2":"type-product","3":"status-publish","4":"has-post-thumbnail","6":"product_cat-multiusos","8":"first","9":"instock","10":"shipping-taxable","11":"purchasable","12":"product-type-simple"},"_links":{"self":[{"href":"https:\/\/bellocapricho.com.br\/loja\/index.php\/wp-json\/wp\/v2\/product\/811","targetHints":{"allow":["GET"]}}],"collection":[{"href":"https:\/\/bellocapricho.com.br\/loja\/index.php\/wp-json\/wp\/v2\/product"}],"about":[{"href":"https:\/\/bellocapricho.com.br\/loja\/index.php\/wp-json\/wp\/v2\/types\/product"}],"wp:featuredmedia":[{"embeddable":true,"href":"https:\/\/bellocapricho.com.br\/loja\/index.php\/wp-json\/wp\/v2\/media\/812"}],"wp:attachment":[{"href":"https:\/\/bellocapricho.com.br\/loja\/index.php\/wp-json\/wp\/v2\/media?parent=811"}],"wp:term":[{"taxonomy":"product_brand","embeddable":true,"href":"https:\/\/bellocapricho.com.br\/loja\/index.php\/wp-json\/wp\/v2\/product_brand?post=811"},{"taxonomy":"product_cat","embeddable":true,"href":"https:\/\/bellocapricho.com.br\/loja\/index.php\/wp-json\/wp\/v2\/product_cat?post=811"},{"taxonomy":"product_tag","embeddable":true,"href":"https:\/\/bellocapricho.com.br\/loja\/index.php\/wp-json\/wp\/v2\/product_tag?post=811"}],"curies":[{"name":"wp","href":"https:\/\/api.w.org\/{rel}","templated":true}]}}