{"id":809,"date":"2024-07-25T23:39:03","date_gmt":"2024-07-26T02:39:03","guid":{"rendered":"https:\/\/bellocapricho.com.br\/loja\/?post_type=product&#038;p=809"},"modified":"2026-04-05T00:05:30","modified_gmt":"2026-04-05T03:05:30","slug":"cif-cremoso-limpeza-milagrosa-450-ml","status":"publish","type":"product","link":"https:\/\/bellocapricho.com.br\/loja\/index.php\/produto\/cif-cremoso-limpeza-milagrosa-450-ml\/","title":{"rendered":"Cif Cremoso Limpeza Milagrosa 450 ml"},"content":{"rendered":"<p>Com CIF Cremoso a limpeza nunca foi t\u00e3o f\u00e1cil e vers\u00e1til!\u00a0CIF Cremoso remove\u00a0100% da sujeira dif\u00edcil, sem esfor\u00e7o!\u00a0Com sua f\u00f3rmula exclusiva, limpa sem riscar\u00a0e garante\u00a0m\u00e1ximo brilho. Pode ser usado em toda casa e limpa mais\u00a0de 100\u00a0superf\u00edcies, como metais, inox e alum\u00ednio,\u00a0cer\u00e2micas e porcelanas, couro\u00a0sint\u00e9tico, borracha e\u00a0objetos de pl\u00e1stico.<\/p>\n","protected":false},"excerpt":{"rendered":"<p>Com CIF Cremoso a limpeza nunca foi t\u00e3o f\u00e1cil e vers\u00e1til!\u00a0CIF Cremoso remove\u00a0100% da sujeira dif\u00edcil, sem esfor\u00e7o!\u00a0Com sua f\u00f3rmula exclusiva, limpa sem riscar\u00a0e garante\u00a0m\u00e1ximo brilho. Pode ser usado em toda casa e limpa mais\u00a0de 100\u00a0superf\u00edcies, como metais, inox e alum\u00ednio,\u00a0cer\u00e2micas e porcelanas, couro\u00a0sint\u00e9tico, borracha&hellip;<\/p>\n","protected":false},"featured_media":810,"template":"","meta":[],"product_brand":[],"product_cat":[53],"product_tag":[],"class_list":{"0":"post-809","1":"product","2":"type-product","3":"status-publish","4":"has-post-thumbnail","6":"product_cat-multiusos","8":"first","9":"instock","10":"shipping-taxable","11":"purchasable","12":"product-type-simple"},"_links":{"self":[{"href":"https:\/\/bellocapricho.com.br\/loja\/index.php\/wp-json\/wp\/v2\/product\/809","targetHints":{"allow":["GET"]}}],"collection":[{"href":"https:\/\/bellocapricho.com.br\/loja\/index.php\/wp-json\/wp\/v2\/product"}],"about":[{"href":"https:\/\/bellocapricho.com.br\/loja\/index.php\/wp-json\/wp\/v2\/types\/product"}],"wp:featuredmedia":[{"embeddable":true,"href":"https:\/\/bellocapricho.com.br\/loja\/index.php\/wp-json\/wp\/v2\/media\/810"}],"wp:attachment":[{"href":"https:\/\/bellocapricho.com.br\/loja\/index.php\/wp-json\/wp\/v2\/media?parent=809"}],"wp:term":[{"taxonomy":"product_brand","embeddable":true,"href":"https:\/\/bellocapricho.com.br\/loja\/index.php\/wp-json\/wp\/v2\/product_brand?post=809"},{"taxonomy":"product_cat","embeddable":true,"href":"https:\/\/bellocapricho.com.br\/loja\/index.php\/wp-json\/wp\/v2\/product_cat?post=809"},{"taxonomy":"product_tag","embeddable":true,"href":"https:\/\/bellocapricho.com.br\/loja\/index.php\/wp-json\/wp\/v2\/product_tag?post=809"}],"curies":[{"name":"wp","href":"https:\/\/api.w.org\/{rel}","templated":true}]}}