{"id":802,"date":"2024-07-25T23:18:34","date_gmt":"2024-07-26T02:18:34","guid":{"rendered":"https:\/\/bellocapricho.com.br\/loja\/?post_type=product&#038;p=802"},"modified":"2026-04-04T10:40:55","modified_gmt":"2026-04-04T13:40:55","slug":"amaciante-concentrado-pureza-e-delicadeza-500ml-baby-soft","status":"publish","type":"product","link":"https:\/\/bellocapricho.com.br\/loja\/index.php\/produto\/amaciante-concentrado-pureza-e-delicadeza-500ml-baby-soft\/","title":{"rendered":"Amaciante Concentrado Pureza e Delicadeza &#8211; 500ml Baby Soft"},"content":{"rendered":"<p>O Amaciante Toque de Cuidado tem todas as caracter\u00edsticas de quem deseja ter a roupa lavada com o cuidado especial que sua roupa exige.<\/p>\n<p>Ele \u00e9 dermatologicamente testado, garantindo assim o cuidado que voc\u00ea e sua roupa merecem.<\/p>\n<p>Adquira a vers\u00e3o concentrada nas embalagens de 500ml, que rende 25 lavagens e 1 litro, que rende 50 lavagens.<\/p>\n","protected":false},"excerpt":{"rendered":"<p>O Amaciante Toque de Cuidado tem todas as caracter\u00edsticas de quem deseja ter a roupa lavada com o cuidado especial que sua roupa exige. Ele \u00e9 dermatologicamente testado, garantindo assim o cuidado que voc\u00ea e sua roupa merecem. Adquira a vers\u00e3o concentrada nas embalagens de&hellip;<\/p>\n","protected":false},"featured_media":803,"template":"","meta":[],"product_brand":[],"product_cat":[59,42],"product_tag":[],"class_list":{"0":"post-802","1":"product","2":"type-product","3":"status-publish","4":"has-post-thumbnail","6":"product_cat-amaciantes","7":"product_cat-lavanderia","9":"first","10":"instock","11":"shipping-taxable","12":"purchasable","13":"product-type-simple"},"_links":{"self":[{"href":"https:\/\/bellocapricho.com.br\/loja\/index.php\/wp-json\/wp\/v2\/product\/802","targetHints":{"allow":["GET"]}}],"collection":[{"href":"https:\/\/bellocapricho.com.br\/loja\/index.php\/wp-json\/wp\/v2\/product"}],"about":[{"href":"https:\/\/bellocapricho.com.br\/loja\/index.php\/wp-json\/wp\/v2\/types\/product"}],"wp:featuredmedia":[{"embeddable":true,"href":"https:\/\/bellocapricho.com.br\/loja\/index.php\/wp-json\/wp\/v2\/media\/803"}],"wp:attachment":[{"href":"https:\/\/bellocapricho.com.br\/loja\/index.php\/wp-json\/wp\/v2\/media?parent=802"}],"wp:term":[{"taxonomy":"product_brand","embeddable":true,"href":"https:\/\/bellocapricho.com.br\/loja\/index.php\/wp-json\/wp\/v2\/product_brand?post=802"},{"taxonomy":"product_cat","embeddable":true,"href":"https:\/\/bellocapricho.com.br\/loja\/index.php\/wp-json\/wp\/v2\/product_cat?post=802"},{"taxonomy":"product_tag","embeddable":true,"href":"https:\/\/bellocapricho.com.br\/loja\/index.php\/wp-json\/wp\/v2\/product_tag?post=802"}],"curies":[{"name":"wp","href":"https:\/\/api.w.org\/{rel}","templated":true}]}}