{"id":799,"date":"2024-07-25T23:18:05","date_gmt":"2024-07-26T02:18:05","guid":{"rendered":"https:\/\/bellocapricho.com.br\/loja\/?post_type=product&#038;p=799"},"modified":"2026-04-04T15:40:09","modified_gmt":"2026-04-04T18:40:09","slug":"amaciante-concentrado-carinho-e-cuidado-500ml","status":"publish","type":"product","link":"https:\/\/bellocapricho.com.br\/loja\/index.php\/produto\/amaciante-concentrado-carinho-e-cuidado-500ml\/","title":{"rendered":"Amaciante Concentrado Carinho e Cuidado &#8211; 500ml Baby Soft"},"content":{"rendered":"<p>O Amaciante Concentrado Carinho e Cuidado \u00e9 o campe\u00e3o de vendas da Baby Soft. Tudo isso por possuir fragr\u00e2ncia suave e manter suas roupas macias e perfumadas por mais tempo.<\/p>\n<p>Al\u00e9m disso, conta com f\u00f3rmula hipoalerg\u00eanica e \u00e9 dermatologicamente testado, garantindo o cuidado que voc\u00ea e sua fam\u00edlia merecem.<\/p>\n<p>A vers\u00e3o de 500ml rende 25 lavagens, e a vers\u00e3o de 1 litro rende 50 lavagens.<\/p>\n","protected":false},"excerpt":{"rendered":"<p>O Amaciante Concentrado Carinho e Cuidado \u00e9 o campe\u00e3o de vendas da Baby Soft. Tudo isso por possuir fragr\u00e2ncia suave e manter suas roupas macias e perfumadas por mais tempo. Al\u00e9m disso, conta com f\u00f3rmula hipoalerg\u00eanica e \u00e9 dermatologicamente testado, garantindo o cuidado que voc\u00ea&hellip;<\/p>\n","protected":false},"featured_media":800,"template":"","meta":[],"product_brand":[],"product_cat":[59,42],"product_tag":[],"class_list":{"0":"post-799","1":"product","2":"type-product","3":"status-publish","4":"has-post-thumbnail","6":"product_cat-amaciantes","7":"product_cat-lavanderia","9":"first","10":"outofstock","11":"shipping-taxable","12":"purchasable","13":"product-type-simple"},"_links":{"self":[{"href":"https:\/\/bellocapricho.com.br\/loja\/index.php\/wp-json\/wp\/v2\/product\/799","targetHints":{"allow":["GET"]}}],"collection":[{"href":"https:\/\/bellocapricho.com.br\/loja\/index.php\/wp-json\/wp\/v2\/product"}],"about":[{"href":"https:\/\/bellocapricho.com.br\/loja\/index.php\/wp-json\/wp\/v2\/types\/product"}],"wp:featuredmedia":[{"embeddable":true,"href":"https:\/\/bellocapricho.com.br\/loja\/index.php\/wp-json\/wp\/v2\/media\/800"}],"wp:attachment":[{"href":"https:\/\/bellocapricho.com.br\/loja\/index.php\/wp-json\/wp\/v2\/media?parent=799"}],"wp:term":[{"taxonomy":"product_brand","embeddable":true,"href":"https:\/\/bellocapricho.com.br\/loja\/index.php\/wp-json\/wp\/v2\/product_brand?post=799"},{"taxonomy":"product_cat","embeddable":true,"href":"https:\/\/bellocapricho.com.br\/loja\/index.php\/wp-json\/wp\/v2\/product_cat?post=799"},{"taxonomy":"product_tag","embeddable":true,"href":"https:\/\/bellocapricho.com.br\/loja\/index.php\/wp-json\/wp\/v2\/product_tag?post=799"}],"curies":[{"name":"wp","href":"https:\/\/api.w.org\/{rel}","templated":true}]}}