{"id":797,"date":"2024-07-25T23:09:04","date_gmt":"2024-07-26T02:09:04","guid":{"rendered":"https:\/\/bellocapricho.com.br\/loja\/?post_type=product&#038;p=797"},"modified":"2026-04-04T12:20:14","modified_gmt":"2026-04-04T15:20:14","slug":"downy-perfume-collection-mistico-450ml","status":"publish","type":"product","link":"https:\/\/bellocapricho.com.br\/loja\/index.php\/produto\/downy-perfume-collection-mistico-450ml\/","title":{"rendered":"Downy Perfume Collection M\u00edstico &#8211; 450ml"},"content":{"rendered":"<p>O perfume do Amaciante Downy Concentrado Perfume Collection M\u00edstico \u00e9 \u00fanico. Imagine um perfume sofisticado frutado, um pouco mais doce, com notas de baunilha, ameixa, jasmim e p\u00eassego: uma mistura inconfund\u00edvel. Suas roupas v\u00e3o ficar com esse cheirinho gostoso por muito mais tempo*, isso porque o Amaciante Downy M\u00edstico possui f\u00f3rmula com microc\u00e1psulas de perfume que se ativam a cada toque e \u00e0s protege contra maus cheiros\u00b0, incluindo fuma\u00e7a, cheiro de fritura e peixe<\/p>\n","protected":false},"excerpt":{"rendered":"<p>O perfume do Amaciante Downy Concentrado Perfume Collection M\u00edstico \u00e9 \u00fanico. Imagine um perfume sofisticado frutado, um pouco mais doce, com notas de baunilha, ameixa, jasmim e p\u00eassego: uma mistura inconfund\u00edvel. Suas roupas v\u00e3o ficar com esse cheirinho gostoso por muito mais tempo*, isso porque&hellip;<\/p>\n","protected":false},"featured_media":798,"template":"","meta":[],"product_brand":[],"product_cat":[59,42],"product_tag":[],"class_list":{"0":"post-797","1":"product","2":"type-product","3":"status-publish","4":"has-post-thumbnail","6":"product_cat-amaciantes","7":"product_cat-lavanderia","9":"first","10":"instock","11":"shipping-taxable","12":"purchasable","13":"product-type-simple"},"_links":{"self":[{"href":"https:\/\/bellocapricho.com.br\/loja\/index.php\/wp-json\/wp\/v2\/product\/797","targetHints":{"allow":["GET"]}}],"collection":[{"href":"https:\/\/bellocapricho.com.br\/loja\/index.php\/wp-json\/wp\/v2\/product"}],"about":[{"href":"https:\/\/bellocapricho.com.br\/loja\/index.php\/wp-json\/wp\/v2\/types\/product"}],"wp:featuredmedia":[{"embeddable":true,"href":"https:\/\/bellocapricho.com.br\/loja\/index.php\/wp-json\/wp\/v2\/media\/798"}],"wp:attachment":[{"href":"https:\/\/bellocapricho.com.br\/loja\/index.php\/wp-json\/wp\/v2\/media?parent=797"}],"wp:term":[{"taxonomy":"product_brand","embeddable":true,"href":"https:\/\/bellocapricho.com.br\/loja\/index.php\/wp-json\/wp\/v2\/product_brand?post=797"},{"taxonomy":"product_cat","embeddable":true,"href":"https:\/\/bellocapricho.com.br\/loja\/index.php\/wp-json\/wp\/v2\/product_cat?post=797"},{"taxonomy":"product_tag","embeddable":true,"href":"https:\/\/bellocapricho.com.br\/loja\/index.php\/wp-json\/wp\/v2\/product_tag?post=797"}],"curies":[{"name":"wp","href":"https:\/\/api.w.org\/{rel}","templated":true}]}}