{"id":793,"date":"2024-07-25T23:06:21","date_gmt":"2024-07-26T02:06:21","guid":{"rendered":"https:\/\/bellocapricho.com.br\/loja\/?post_type=product&#038;p=793"},"modified":"2026-04-08T07:55:11","modified_gmt":"2026-04-08T10:55:11","slug":"amaciante-downy-brisa-de-verao-500ml","status":"publish","type":"product","link":"https:\/\/bellocapricho.com.br\/loja\/index.php\/produto\/amaciante-downy-brisa-de-verao-500ml\/","title":{"rendered":"Amaciante Downy Brisa de Ver\u00e3o &#8211; 500ml"},"content":{"rendered":"<h1><span style=\"font-size: 18px;font-weight: 300\">O Amaciante Downy Concentrado Brisa de Ver\u00e3o \u00e9 perfeito para manter suas roupas com aquele perfume gostoso por mais tempo*. O seu Downy azul deixar\u00e1 as roupas cheirosas o dia todo, gra\u00e7as a sua f\u00f3rmula com c\u00e1psulas de perfume que liberam uma fragr\u00e2ncia deliciosa a cada toque. Sinta o cheiro das notas de flores brancas e frutas c\u00edtricas misturadas com o frescor de ervas e \u00e2mbar com o Amaciante Downy Brisa de Ver\u00e3o.<\/span><\/h1>\n<p>500ml<\/p>\n<p>&nbsp;<\/p>\n","protected":false},"excerpt":{"rendered":"<p>O Amaciante Downy Concentrado Brisa de Ver\u00e3o \u00e9 perfeito para manter suas roupas com aquele perfume gostoso por mais tempo*. O seu Downy azul deixar\u00e1 as roupas cheirosas o dia todo, gra\u00e7as a sua f\u00f3rmula com c\u00e1psulas de perfume que liberam uma fragr\u00e2ncia deliciosa a&hellip;<\/p>\n","protected":false},"featured_media":796,"template":"","meta":[],"product_brand":[],"product_cat":[59,42],"product_tag":[],"class_list":{"0":"post-793","1":"product","2":"type-product","3":"status-publish","4":"has-post-thumbnail","6":"product_cat-amaciantes","7":"product_cat-lavanderia","9":"first","10":"instock","11":"shipping-taxable","12":"purchasable","13":"product-type-simple"},"_links":{"self":[{"href":"https:\/\/bellocapricho.com.br\/loja\/index.php\/wp-json\/wp\/v2\/product\/793","targetHints":{"allow":["GET"]}}],"collection":[{"href":"https:\/\/bellocapricho.com.br\/loja\/index.php\/wp-json\/wp\/v2\/product"}],"about":[{"href":"https:\/\/bellocapricho.com.br\/loja\/index.php\/wp-json\/wp\/v2\/types\/product"}],"wp:featuredmedia":[{"embeddable":true,"href":"https:\/\/bellocapricho.com.br\/loja\/index.php\/wp-json\/wp\/v2\/media\/796"}],"wp:attachment":[{"href":"https:\/\/bellocapricho.com.br\/loja\/index.php\/wp-json\/wp\/v2\/media?parent=793"}],"wp:term":[{"taxonomy":"product_brand","embeddable":true,"href":"https:\/\/bellocapricho.com.br\/loja\/index.php\/wp-json\/wp\/v2\/product_brand?post=793"},{"taxonomy":"product_cat","embeddable":true,"href":"https:\/\/bellocapricho.com.br\/loja\/index.php\/wp-json\/wp\/v2\/product_cat?post=793"},{"taxonomy":"product_tag","embeddable":true,"href":"https:\/\/bellocapricho.com.br\/loja\/index.php\/wp-json\/wp\/v2\/product_tag?post=793"}],"curies":[{"name":"wp","href":"https:\/\/api.w.org\/{rel}","templated":true}]}}