{"id":791,"date":"2024-07-25T22:46:32","date_gmt":"2024-07-26T01:46:32","guid":{"rendered":"https:\/\/bellocapricho.com.br\/loja\/?post_type=product&#038;p=791"},"modified":"2026-04-04T14:53:54","modified_gmt":"2026-04-04T17:53:54","slug":"bloco-para-caixa-acoplada-duo-sanilux-50g-brisa-do-oceano","status":"publish","type":"product","link":"https:\/\/bellocapricho.com.br\/loja\/index.php\/produto\/bloco-para-caixa-acoplada-duo-sanilux-50g-brisa-do-oceano\/","title":{"rendered":"Bloco para Caixa Acoplada Duo Sanilux 50g &#8211; Brisa do Oceano"},"content":{"rendered":"<p>O Sanilux Bloco para Caixa Acoplada Duo limpa da caixa acoplada \u00e0s paredes do vaso, deixando o sanit\u00e1rio higienizado por completo, ainda com um agrad\u00e1vel aroma brisa do oceano a cada descarga.<\/p>\n","protected":false},"excerpt":{"rendered":"<p>O Sanilux Bloco para Caixa Acoplada Duo limpa da caixa acoplada \u00e0s paredes do vaso, deixando o sanit\u00e1rio higienizado por completo, ainda com um agrad\u00e1vel aroma brisa do oceano a cada descarga.<\/p>\n","protected":false},"featured_media":794,"template":"","meta":[],"product_brand":[],"product_cat":[56],"product_tag":[],"class_list":{"0":"post-791","1":"product","2":"type-product","3":"status-publish","4":"has-post-thumbnail","6":"product_cat-pedra-sanitaria","8":"first","9":"outofstock","10":"shipping-taxable","11":"purchasable","12":"product-type-simple"},"_links":{"self":[{"href":"https:\/\/bellocapricho.com.br\/loja\/index.php\/wp-json\/wp\/v2\/product\/791","targetHints":{"allow":["GET"]}}],"collection":[{"href":"https:\/\/bellocapricho.com.br\/loja\/index.php\/wp-json\/wp\/v2\/product"}],"about":[{"href":"https:\/\/bellocapricho.com.br\/loja\/index.php\/wp-json\/wp\/v2\/types\/product"}],"wp:featuredmedia":[{"embeddable":true,"href":"https:\/\/bellocapricho.com.br\/loja\/index.php\/wp-json\/wp\/v2\/media\/794"}],"wp:attachment":[{"href":"https:\/\/bellocapricho.com.br\/loja\/index.php\/wp-json\/wp\/v2\/media?parent=791"}],"wp:term":[{"taxonomy":"product_brand","embeddable":true,"href":"https:\/\/bellocapricho.com.br\/loja\/index.php\/wp-json\/wp\/v2\/product_brand?post=791"},{"taxonomy":"product_cat","embeddable":true,"href":"https:\/\/bellocapricho.com.br\/loja\/index.php\/wp-json\/wp\/v2\/product_cat?post=791"},{"taxonomy":"product_tag","embeddable":true,"href":"https:\/\/bellocapricho.com.br\/loja\/index.php\/wp-json\/wp\/v2\/product_tag?post=791"}],"curies":[{"name":"wp","href":"https:\/\/api.w.org\/{rel}","templated":true}]}}