{"id":788,"date":"2024-07-25T22:44:44","date_gmt":"2024-07-26T01:44:44","guid":{"rendered":"https:\/\/bellocapricho.com.br\/loja\/?post_type=product&#038;p=788"},"modified":"2026-04-04T18:32:33","modified_gmt":"2026-04-04T21:32:33","slug":"saponaceo-cremoso-200ml-sanol","status":"publish","type":"product","link":"https:\/\/bellocapricho.com.br\/loja\/index.php\/produto\/saponaceo-cremoso-200ml-sanol\/","title":{"rendered":"Sapon\u00e1ceo Cremoso 200ml &#8211; Sanol"},"content":{"rendered":"<p>Deixe sua casa profundamente limpa e perfumada com o novo sanol multi-uso cremoso.<\/p>\n<p>Sapon\u00e1ceo Cremoso com Micropart\u00edculas<\/p>\n<p>Mais Limpeza Menos Esfor\u00e7o<\/p>\n<p>Multi-uso<\/p>\n<p>200ml<\/p>\n<p>&nbsp;<\/p>\n","protected":false},"excerpt":{"rendered":"<p>Deixe sua casa profundamente limpa e perfumada com o novo sanol multi-uso cremoso. Sapon\u00e1ceo Cremoso com Micropart\u00edculas Mais Limpeza Menos Esfor\u00e7o Multi-uso 200ml &nbsp;<\/p>\n","protected":false},"featured_media":792,"template":"","meta":[],"product_brand":[],"product_cat":[53],"product_tag":[],"class_list":{"0":"post-788","1":"product","2":"type-product","3":"status-publish","4":"has-post-thumbnail","6":"product_cat-multiusos","8":"first","9":"instock","10":"shipping-taxable","11":"purchasable","12":"product-type-simple"},"_links":{"self":[{"href":"https:\/\/bellocapricho.com.br\/loja\/index.php\/wp-json\/wp\/v2\/product\/788","targetHints":{"allow":["GET"]}}],"collection":[{"href":"https:\/\/bellocapricho.com.br\/loja\/index.php\/wp-json\/wp\/v2\/product"}],"about":[{"href":"https:\/\/bellocapricho.com.br\/loja\/index.php\/wp-json\/wp\/v2\/types\/product"}],"wp:featuredmedia":[{"embeddable":true,"href":"https:\/\/bellocapricho.com.br\/loja\/index.php\/wp-json\/wp\/v2\/media\/792"}],"wp:attachment":[{"href":"https:\/\/bellocapricho.com.br\/loja\/index.php\/wp-json\/wp\/v2\/media?parent=788"}],"wp:term":[{"taxonomy":"product_brand","embeddable":true,"href":"https:\/\/bellocapricho.com.br\/loja\/index.php\/wp-json\/wp\/v2\/product_brand?post=788"},{"taxonomy":"product_cat","embeddable":true,"href":"https:\/\/bellocapricho.com.br\/loja\/index.php\/wp-json\/wp\/v2\/product_cat?post=788"},{"taxonomy":"product_tag","embeddable":true,"href":"https:\/\/bellocapricho.com.br\/loja\/index.php\/wp-json\/wp\/v2\/product_tag?post=788"}],"curies":[{"name":"wp","href":"https:\/\/api.w.org\/{rel}","templated":true}]}}