{"id":785,"date":"2024-07-25T22:42:13","date_gmt":"2024-07-26T01:42:13","guid":{"rendered":"https:\/\/bellocapricho.com.br\/loja\/?post_type=product&#038;p=785"},"modified":"2026-04-04T18:43:39","modified_gmt":"2026-04-04T21:43:39","slug":"bloco-caixa-acoplada-sanilux-50g-brisa-do-oceano","status":"publish","type":"product","link":"https:\/\/bellocapricho.com.br\/loja\/index.php\/produto\/bloco-caixa-acoplada-sanilux-50g-brisa-do-oceano\/","title":{"rendered":"Bloco Caixa Acoplada Sanilux 50g &#8211; Brisa do Oceano"},"content":{"rendered":"<p>A Sanilux Bloco para Caixa Acoplada possui a fragr\u00e2ncia Brisa do Oceano e \u00e9 ideal para manter o vaso sanit\u00e1rio limpo e perfumado.<\/p>\n","protected":false},"excerpt":{"rendered":"<p>A Sanilux Bloco para Caixa Acoplada possui a fragr\u00e2ncia Brisa do Oceano e \u00e9 ideal para manter o vaso sanit\u00e1rio limpo e perfumado.<\/p>\n","protected":false},"featured_media":790,"template":"","meta":[],"product_brand":[],"product_cat":[56],"product_tag":[],"class_list":{"0":"post-785","1":"product","2":"type-product","3":"status-publish","4":"has-post-thumbnail","6":"product_cat-pedra-sanitaria","8":"first","9":"outofstock","10":"shipping-taxable","11":"purchasable","12":"product-type-simple"},"_links":{"self":[{"href":"https:\/\/bellocapricho.com.br\/loja\/index.php\/wp-json\/wp\/v2\/product\/785","targetHints":{"allow":["GET"]}}],"collection":[{"href":"https:\/\/bellocapricho.com.br\/loja\/index.php\/wp-json\/wp\/v2\/product"}],"about":[{"href":"https:\/\/bellocapricho.com.br\/loja\/index.php\/wp-json\/wp\/v2\/types\/product"}],"wp:featuredmedia":[{"embeddable":true,"href":"https:\/\/bellocapricho.com.br\/loja\/index.php\/wp-json\/wp\/v2\/media\/790"}],"wp:attachment":[{"href":"https:\/\/bellocapricho.com.br\/loja\/index.php\/wp-json\/wp\/v2\/media?parent=785"}],"wp:term":[{"taxonomy":"product_brand","embeddable":true,"href":"https:\/\/bellocapricho.com.br\/loja\/index.php\/wp-json\/wp\/v2\/product_brand?post=785"},{"taxonomy":"product_cat","embeddable":true,"href":"https:\/\/bellocapricho.com.br\/loja\/index.php\/wp-json\/wp\/v2\/product_cat?post=785"},{"taxonomy":"product_tag","embeddable":true,"href":"https:\/\/bellocapricho.com.br\/loja\/index.php\/wp-json\/wp\/v2\/product_tag?post=785"}],"curies":[{"name":"wp","href":"https:\/\/api.w.org\/{rel}","templated":true}]}}