{"id":780,"date":"2024-07-25T22:36:34","date_gmt":"2024-07-26T01:36:34","guid":{"rendered":"https:\/\/bellocapricho.com.br\/loja\/?post_type=product&#038;p=780"},"modified":"2026-04-05T00:05:39","modified_gmt":"2026-04-05T03:05:39","slug":"gel-adesivo-coala-eucalipto","status":"publish","type":"product","link":"https:\/\/bellocapricho.com.br\/loja\/index.php\/produto\/gel-adesivo-coala-eucalipto\/","title":{"rendered":"Gel Adesivo Coala &#8211; Eucalipto"},"content":{"rendered":"<p>O Gel adesivo Coala chegou para levar ainda mais praticidade para o seu dia a dia. Um produto com f\u00e1cil aplica\u00e7\u00e3o e al\u00e9m de higi\u00eanico, ainda dura at\u00e9 seis semanas, limpa e perfuma o vaso sanit\u00e1rio.<\/p>\n","protected":false},"excerpt":{"rendered":"<p>O Gel adesivo Coala chegou para levar ainda mais praticidade para o seu dia a dia. Um produto com f\u00e1cil aplica\u00e7\u00e3o e al\u00e9m de higi\u00eanico, ainda dura at\u00e9 seis semanas, limpa e perfuma o vaso sanit\u00e1rio.<\/p>\n","protected":false},"featured_media":784,"template":"","meta":[],"product_brand":[],"product_cat":[56],"product_tag":[],"class_list":{"0":"post-780","1":"product","2":"type-product","3":"status-publish","4":"has-post-thumbnail","6":"product_cat-pedra-sanitaria","8":"first","9":"outofstock","10":"shipping-taxable","11":"purchasable","12":"product-type-simple"},"_links":{"self":[{"href":"https:\/\/bellocapricho.com.br\/loja\/index.php\/wp-json\/wp\/v2\/product\/780","targetHints":{"allow":["GET"]}}],"collection":[{"href":"https:\/\/bellocapricho.com.br\/loja\/index.php\/wp-json\/wp\/v2\/product"}],"about":[{"href":"https:\/\/bellocapricho.com.br\/loja\/index.php\/wp-json\/wp\/v2\/types\/product"}],"wp:featuredmedia":[{"embeddable":true,"href":"https:\/\/bellocapricho.com.br\/loja\/index.php\/wp-json\/wp\/v2\/media\/784"}],"wp:attachment":[{"href":"https:\/\/bellocapricho.com.br\/loja\/index.php\/wp-json\/wp\/v2\/media?parent=780"}],"wp:term":[{"taxonomy":"product_brand","embeddable":true,"href":"https:\/\/bellocapricho.com.br\/loja\/index.php\/wp-json\/wp\/v2\/product_brand?post=780"},{"taxonomy":"product_cat","embeddable":true,"href":"https:\/\/bellocapricho.com.br\/loja\/index.php\/wp-json\/wp\/v2\/product_cat?post=780"},{"taxonomy":"product_tag","embeddable":true,"href":"https:\/\/bellocapricho.com.br\/loja\/index.php\/wp-json\/wp\/v2\/product_tag?post=780"}],"curies":[{"name":"wp","href":"https:\/\/api.w.org\/{rel}","templated":true}]}}