{"id":776,"date":"2024-07-25T22:32:18","date_gmt":"2024-07-26T01:32:18","guid":{"rendered":"https:\/\/bellocapricho.com.br\/loja\/?post_type=product&#038;p=776"},"modified":"2026-04-05T00:10:55","modified_gmt":"2026-04-05T03:10:55","slug":"pastilha-sanitaria-coala-floral","status":"publish","type":"product","link":"https:\/\/bellocapricho.com.br\/loja\/index.php\/produto\/pastilha-sanitaria-coala-floral\/","title":{"rendered":"Pastilha Sanit\u00e1ria Coala &#8211; Floral"},"content":{"rendered":"<p>A Pastilha Sanit\u00e1ria Coala, limpa e perfuma o ambiente com uma aplica\u00e7\u00e3o f\u00e1cil e r\u00e1pida. Levando o aroma inconfund\u00edvel de Coala para seu banheiro.<\/p>\n","protected":false},"excerpt":{"rendered":"<p>A Pastilha Sanit\u00e1ria Coala, limpa e perfuma o ambiente com uma aplica\u00e7\u00e3o f\u00e1cil e r\u00e1pida. Levando o aroma inconfund\u00edvel de Coala para seu banheiro.<\/p>\n","protected":false},"featured_media":778,"template":"","meta":[],"product_brand":[],"product_cat":[56],"product_tag":[],"class_list":{"0":"post-776","1":"product","2":"type-product","3":"status-publish","4":"has-post-thumbnail","6":"product_cat-pedra-sanitaria","8":"first","9":"instock","10":"shipping-taxable","11":"purchasable","12":"product-type-simple"},"_links":{"self":[{"href":"https:\/\/bellocapricho.com.br\/loja\/index.php\/wp-json\/wp\/v2\/product\/776","targetHints":{"allow":["GET"]}}],"collection":[{"href":"https:\/\/bellocapricho.com.br\/loja\/index.php\/wp-json\/wp\/v2\/product"}],"about":[{"href":"https:\/\/bellocapricho.com.br\/loja\/index.php\/wp-json\/wp\/v2\/types\/product"}],"wp:featuredmedia":[{"embeddable":true,"href":"https:\/\/bellocapricho.com.br\/loja\/index.php\/wp-json\/wp\/v2\/media\/778"}],"wp:attachment":[{"href":"https:\/\/bellocapricho.com.br\/loja\/index.php\/wp-json\/wp\/v2\/media?parent=776"}],"wp:term":[{"taxonomy":"product_brand","embeddable":true,"href":"https:\/\/bellocapricho.com.br\/loja\/index.php\/wp-json\/wp\/v2\/product_brand?post=776"},{"taxonomy":"product_cat","embeddable":true,"href":"https:\/\/bellocapricho.com.br\/loja\/index.php\/wp-json\/wp\/v2\/product_cat?post=776"},{"taxonomy":"product_tag","embeddable":true,"href":"https:\/\/bellocapricho.com.br\/loja\/index.php\/wp-json\/wp\/v2\/product_tag?post=776"}],"curies":[{"name":"wp","href":"https:\/\/api.w.org\/{rel}","templated":true}]}}