{"id":771,"date":"2024-07-25T22:29:12","date_gmt":"2024-07-26T01:29:12","guid":{"rendered":"https:\/\/bellocapricho.com.br\/loja\/?post_type=product&#038;p=771"},"modified":"2026-04-04T18:40:08","modified_gmt":"2026-04-04T21:40:08","slug":"pastilha-sanitaria-coala-citrus","status":"publish","type":"product","link":"https:\/\/bellocapricho.com.br\/loja\/index.php\/produto\/pastilha-sanitaria-coala-citrus\/","title":{"rendered":"Pastilha Sanit\u00e1ria Coala &#8211; Citrus"},"content":{"rendered":"<p>A Pastilha Sanit\u00e1ria Coala, limpa e perfuma o ambiente com uma aplica\u00e7\u00e3o f\u00e1cil e r\u00e1pida. Levando o aroma inconfund\u00edvel de Coala para seu banheiro.<\/p>\n","protected":false},"excerpt":{"rendered":"<p>A Pastilha Sanit\u00e1ria Coala, limpa e perfuma o ambiente com uma aplica\u00e7\u00e3o f\u00e1cil e r\u00e1pida. Levando o aroma inconfund\u00edvel de Coala para seu banheiro.<\/p>\n","protected":false},"featured_media":775,"template":"","meta":[],"product_brand":[],"product_cat":[56],"product_tag":[],"class_list":{"0":"post-771","1":"product","2":"type-product","3":"status-publish","4":"has-post-thumbnail","6":"product_cat-pedra-sanitaria","8":"first","9":"outofstock","10":"shipping-taxable","11":"purchasable","12":"product-type-simple"},"_links":{"self":[{"href":"https:\/\/bellocapricho.com.br\/loja\/index.php\/wp-json\/wp\/v2\/product\/771","targetHints":{"allow":["GET"]}}],"collection":[{"href":"https:\/\/bellocapricho.com.br\/loja\/index.php\/wp-json\/wp\/v2\/product"}],"about":[{"href":"https:\/\/bellocapricho.com.br\/loja\/index.php\/wp-json\/wp\/v2\/types\/product"}],"wp:featuredmedia":[{"embeddable":true,"href":"https:\/\/bellocapricho.com.br\/loja\/index.php\/wp-json\/wp\/v2\/media\/775"}],"wp:attachment":[{"href":"https:\/\/bellocapricho.com.br\/loja\/index.php\/wp-json\/wp\/v2\/media?parent=771"}],"wp:term":[{"taxonomy":"product_brand","embeddable":true,"href":"https:\/\/bellocapricho.com.br\/loja\/index.php\/wp-json\/wp\/v2\/product_brand?post=771"},{"taxonomy":"product_cat","embeddable":true,"href":"https:\/\/bellocapricho.com.br\/loja\/index.php\/wp-json\/wp\/v2\/product_cat?post=771"},{"taxonomy":"product_tag","embeddable":true,"href":"https:\/\/bellocapricho.com.br\/loja\/index.php\/wp-json\/wp\/v2\/product_tag?post=771"}],"curies":[{"name":"wp","href":"https:\/\/api.w.org\/{rel}","templated":true}]}}