{"id":768,"date":"2024-07-25T22:22:29","date_gmt":"2024-07-26T01:22:29","guid":{"rendered":"https:\/\/bellocapricho.com.br\/loja\/?post_type=product&#038;p=768"},"modified":"2026-04-05T07:00:06","modified_gmt":"2026-04-05T10:00:06","slug":"bloco-sanitario-coala-30g-citrus","status":"publish","type":"product","link":"https:\/\/bellocapricho.com.br\/loja\/index.php\/produto\/bloco-sanitario-coala-30g-citrus\/","title":{"rendered":"Bloco Sanit\u00e1rio Coala 30g &#8211; Citrus"},"content":{"rendered":"<p>O Bloco sanit\u00e1rio Coala leva para voc\u00ea praticidade e um aroma inconfund\u00edvel. Al\u00e9m de ser um produto higi\u00eanico, com sua pel\u00edcula protetora \u00e9 sol\u00favel em \u00e1gua, tamb\u00e9m protege do contato direto com o produto. Assim o manuseio se torna ainda mais f\u00e1cil.<\/p>\n","protected":false},"excerpt":{"rendered":"<p>O Bloco sanit\u00e1rio Coala leva para voc\u00ea praticidade e um aroma inconfund\u00edvel. Al\u00e9m de ser um produto higi\u00eanico, com sua pel\u00edcula protetora \u00e9 sol\u00favel em \u00e1gua, tamb\u00e9m protege do contato direto com o produto. Assim o manuseio se torna ainda mais f\u00e1cil.<\/p>\n","protected":false},"featured_media":770,"template":"","meta":[],"product_brand":[],"product_cat":[56],"product_tag":[],"class_list":{"0":"post-768","1":"product","2":"type-product","3":"status-publish","4":"has-post-thumbnail","6":"product_cat-pedra-sanitaria","8":"first","9":"instock","10":"shipping-taxable","11":"purchasable","12":"product-type-simple"},"_links":{"self":[{"href":"https:\/\/bellocapricho.com.br\/loja\/index.php\/wp-json\/wp\/v2\/product\/768","targetHints":{"allow":["GET"]}}],"collection":[{"href":"https:\/\/bellocapricho.com.br\/loja\/index.php\/wp-json\/wp\/v2\/product"}],"about":[{"href":"https:\/\/bellocapricho.com.br\/loja\/index.php\/wp-json\/wp\/v2\/types\/product"}],"wp:featuredmedia":[{"embeddable":true,"href":"https:\/\/bellocapricho.com.br\/loja\/index.php\/wp-json\/wp\/v2\/media\/770"}],"wp:attachment":[{"href":"https:\/\/bellocapricho.com.br\/loja\/index.php\/wp-json\/wp\/v2\/media?parent=768"}],"wp:term":[{"taxonomy":"product_brand","embeddable":true,"href":"https:\/\/bellocapricho.com.br\/loja\/index.php\/wp-json\/wp\/v2\/product_brand?post=768"},{"taxonomy":"product_cat","embeddable":true,"href":"https:\/\/bellocapricho.com.br\/loja\/index.php\/wp-json\/wp\/v2\/product_cat?post=768"},{"taxonomy":"product_tag","embeddable":true,"href":"https:\/\/bellocapricho.com.br\/loja\/index.php\/wp-json\/wp\/v2\/product_tag?post=768"}],"curies":[{"name":"wp","href":"https:\/\/api.w.org\/{rel}","templated":true}]}}