{"id":758,"date":"2024-07-25T22:13:45","date_gmt":"2024-07-26T01:13:45","guid":{"rendered":"https:\/\/bellocapricho.com.br\/loja\/?post_type=product&#038;p=758"},"modified":"2026-04-04T12:20:15","modified_gmt":"2026-04-04T15:20:15","slug":"bloco-sanitario-coala-30g-lavanda","status":"publish","type":"product","link":"https:\/\/bellocapricho.com.br\/loja\/index.php\/produto\/bloco-sanitario-coala-30g-lavanda\/","title":{"rendered":"Bloco Sanit\u00e1rio Coala 30g &#8211; Lavanda"},"content":{"rendered":"<p>O Bloco sanit\u00e1rio Coala leva para voc\u00ea praticidade e um aroma inconfund\u00edvel. Al\u00e9m de ser um produto higi\u00eanico, com sua pel\u00edcula protetora \u00e9 sol\u00favel em \u00e1gua, tamb\u00e9m protege do contato direto com o produto. Assim o manuseio se torna ainda mais f\u00e1cil.<\/p>\n","protected":false},"excerpt":{"rendered":"<p>O Bloco sanit\u00e1rio Coala leva para voc\u00ea praticidade e um aroma inconfund\u00edvel. Al\u00e9m de ser um produto higi\u00eanico, com sua pel\u00edcula protetora \u00e9 sol\u00favel em \u00e1gua, tamb\u00e9m protege do contato direto com o produto. Assim o manuseio se torna ainda mais f\u00e1cil.<\/p>\n","protected":false},"featured_media":763,"template":"","meta":[],"product_brand":[],"product_cat":[56],"product_tag":[],"class_list":{"0":"post-758","1":"product","2":"type-product","3":"status-publish","4":"has-post-thumbnail","6":"product_cat-pedra-sanitaria","8":"first","9":"outofstock","10":"shipping-taxable","11":"purchasable","12":"product-type-simple"},"_links":{"self":[{"href":"https:\/\/bellocapricho.com.br\/loja\/index.php\/wp-json\/wp\/v2\/product\/758","targetHints":{"allow":["GET"]}}],"collection":[{"href":"https:\/\/bellocapricho.com.br\/loja\/index.php\/wp-json\/wp\/v2\/product"}],"about":[{"href":"https:\/\/bellocapricho.com.br\/loja\/index.php\/wp-json\/wp\/v2\/types\/product"}],"wp:featuredmedia":[{"embeddable":true,"href":"https:\/\/bellocapricho.com.br\/loja\/index.php\/wp-json\/wp\/v2\/media\/763"}],"wp:attachment":[{"href":"https:\/\/bellocapricho.com.br\/loja\/index.php\/wp-json\/wp\/v2\/media?parent=758"}],"wp:term":[{"taxonomy":"product_brand","embeddable":true,"href":"https:\/\/bellocapricho.com.br\/loja\/index.php\/wp-json\/wp\/v2\/product_brand?post=758"},{"taxonomy":"product_cat","embeddable":true,"href":"https:\/\/bellocapricho.com.br\/loja\/index.php\/wp-json\/wp\/v2\/product_cat?post=758"},{"taxonomy":"product_tag","embeddable":true,"href":"https:\/\/bellocapricho.com.br\/loja\/index.php\/wp-json\/wp\/v2\/product_tag?post=758"}],"curies":[{"name":"wp","href":"https:\/\/api.w.org\/{rel}","templated":true}]}}