{"id":750,"date":"2024-07-25T22:01:56","date_gmt":"2024-07-26T01:01:56","guid":{"rendered":"https:\/\/bellocapricho.com.br\/loja\/?post_type=product&#038;p=750"},"modified":"2026-04-07T07:05:06","modified_gmt":"2026-04-07T10:05:06","slug":"corante-em-po-tupy-vermelho","status":"publish","type":"product","link":"https:\/\/bellocapricho.com.br\/loja\/index.php\/produto\/corante-em-po-tupy-vermelho\/","title":{"rendered":"Corante em P\u00f3 Tupy &#8211; Vermelho"},"content":{"rendered":"<p>O Corante Tupy\u00ae \u00e9 um corante de composi\u00e7\u00e3o org\u00e2nica, tendo o seu pH, em m\u00e9dia, neutro, quando dissolvido em \u00e1gua quente, n\u00e3o apresenta odor e sua forma f\u00edsica \u00e9 s\u00f3lida e n\u00e3o apresenta caracter\u00edstica t\u00f3xica.<br \/>\nIndicado para tingir tecidos ou fibras de algod\u00e3o, linho, sisal, rami, rayon-viscose e mesclas.<\/p>\n","protected":false},"excerpt":{"rendered":"<p>O Corante Tupy\u00ae \u00e9 um corante de composi\u00e7\u00e3o org\u00e2nica, tendo o seu pH, em m\u00e9dia, neutro, quando dissolvido em \u00e1gua quente, n\u00e3o apresenta odor e sua forma f\u00edsica \u00e9 s\u00f3lida e n\u00e3o apresenta caracter\u00edstica t\u00f3xica. Indicado para tingir tecidos ou fibras de algod\u00e3o, linho, sisal,&hellip;<\/p>\n","protected":false},"featured_media":751,"template":"","meta":[],"product_brand":[],"product_cat":[57],"product_tag":[],"class_list":{"0":"post-750","1":"product","2":"type-product","3":"status-publish","4":"has-post-thumbnail","6":"product_cat-corantes","8":"first","9":"instock","10":"shipping-taxable","11":"purchasable","12":"product-type-simple"},"_links":{"self":[{"href":"https:\/\/bellocapricho.com.br\/loja\/index.php\/wp-json\/wp\/v2\/product\/750","targetHints":{"allow":["GET"]}}],"collection":[{"href":"https:\/\/bellocapricho.com.br\/loja\/index.php\/wp-json\/wp\/v2\/product"}],"about":[{"href":"https:\/\/bellocapricho.com.br\/loja\/index.php\/wp-json\/wp\/v2\/types\/product"}],"wp:featuredmedia":[{"embeddable":true,"href":"https:\/\/bellocapricho.com.br\/loja\/index.php\/wp-json\/wp\/v2\/media\/751"}],"wp:attachment":[{"href":"https:\/\/bellocapricho.com.br\/loja\/index.php\/wp-json\/wp\/v2\/media?parent=750"}],"wp:term":[{"taxonomy":"product_brand","embeddable":true,"href":"https:\/\/bellocapricho.com.br\/loja\/index.php\/wp-json\/wp\/v2\/product_brand?post=750"},{"taxonomy":"product_cat","embeddable":true,"href":"https:\/\/bellocapricho.com.br\/loja\/index.php\/wp-json\/wp\/v2\/product_cat?post=750"},{"taxonomy":"product_tag","embeddable":true,"href":"https:\/\/bellocapricho.com.br\/loja\/index.php\/wp-json\/wp\/v2\/product_tag?post=750"}],"curies":[{"name":"wp","href":"https:\/\/api.w.org\/{rel}","templated":true}]}}