{"id":728,"date":"2024-07-25T21:44:42","date_gmt":"2024-07-26T00:44:42","guid":{"rendered":"https:\/\/bellocapricho.com.br\/loja\/?post_type=product&#038;p=728"},"modified":"2026-04-08T08:18:13","modified_gmt":"2026-04-08T11:18:13","slug":"limpador-perfumado-de-ambientes-coala-120-ml-cereja-e-avela","status":"publish","type":"product","link":"https:\/\/bellocapricho.com.br\/loja\/index.php\/produto\/limpador-perfumado-de-ambientes-coala-120-ml-cereja-e-avela\/","title":{"rendered":"Limpador Perfumado de Ambientes Coala 120 ml &#8211; Cereja e Avel\u00e3"},"content":{"rendered":"<p>Com Coala Ess\u00eancias &#8211; Limpador Perfumado de Ambientes Cereja e Avel\u00e3 , seu ambiente vai ficar limpo e com um aroma incr\u00edvel.<\/p>\n<p>Al\u00e9m de poder ser usada em todos os ambientes, a Coala Ess\u00eancias &#8211; Limpador Perfumado de Ambientes Cereja e Avel\u00e3 tamb\u00e9m:<\/p>\n<p>&#8211; Garante a sensa\u00e7\u00e3o prolongada de limpeza e bem-estar;<\/p>\n<p>&#8211; Tem perfume duradouro,<\/p>\n<p>&#8211; Fragr\u00e2ncia agrad\u00e1vel.<\/p>\n","protected":false},"excerpt":{"rendered":"<p>Com Coala Ess\u00eancias &#8211; Limpador Perfumado de Ambientes Cereja e Avel\u00e3 , seu ambiente vai ficar limpo e com um aroma incr\u00edvel. Al\u00e9m de poder ser usada em todos os ambientes, a Coala Ess\u00eancias &#8211; Limpador Perfumado de Ambientes Cereja e Avel\u00e3 tamb\u00e9m: &#8211; Garante&hellip;<\/p>\n","protected":false},"featured_media":732,"template":"","meta":[],"product_brand":[],"product_cat":[55],"product_tag":[],"class_list":{"0":"post-728","1":"product","2":"type-product","3":"status-publish","4":"has-post-thumbnail","6":"product_cat-essencias","8":"first","9":"outofstock","10":"shipping-taxable","11":"purchasable","12":"product-type-simple"},"_links":{"self":[{"href":"https:\/\/bellocapricho.com.br\/loja\/index.php\/wp-json\/wp\/v2\/product\/728","targetHints":{"allow":["GET"]}}],"collection":[{"href":"https:\/\/bellocapricho.com.br\/loja\/index.php\/wp-json\/wp\/v2\/product"}],"about":[{"href":"https:\/\/bellocapricho.com.br\/loja\/index.php\/wp-json\/wp\/v2\/types\/product"}],"wp:featuredmedia":[{"embeddable":true,"href":"https:\/\/bellocapricho.com.br\/loja\/index.php\/wp-json\/wp\/v2\/media\/732"}],"wp:attachment":[{"href":"https:\/\/bellocapricho.com.br\/loja\/index.php\/wp-json\/wp\/v2\/media?parent=728"}],"wp:term":[{"taxonomy":"product_brand","embeddable":true,"href":"https:\/\/bellocapricho.com.br\/loja\/index.php\/wp-json\/wp\/v2\/product_brand?post=728"},{"taxonomy":"product_cat","embeddable":true,"href":"https:\/\/bellocapricho.com.br\/loja\/index.php\/wp-json\/wp\/v2\/product_cat?post=728"},{"taxonomy":"product_tag","embeddable":true,"href":"https:\/\/bellocapricho.com.br\/loja\/index.php\/wp-json\/wp\/v2\/product_tag?post=728"}],"curies":[{"name":"wp","href":"https:\/\/api.w.org\/{rel}","templated":true}]}}