{"id":706,"date":"2024-07-16T20:33:42","date_gmt":"2024-07-16T23:33:42","guid":{"rendered":"https:\/\/bellocapricho.com.br\/loja\/?post_type=product&#038;p=706"},"modified":"2026-04-04T18:25:03","modified_gmt":"2026-04-04T21:25:03","slug":"limpador-perfumado-5l-bamboo","status":"publish","type":"product","link":"https:\/\/bellocapricho.com.br\/loja\/index.php\/produto\/limpador-perfumado-5l-bamboo\/","title":{"rendered":"Limpador Perfumado 5L &#8211; Bamboo"},"content":{"rendered":"<p>Une o poder de limpeza com maior intensidade, atrav\u00e9s de fragr\u00e2ncias modernas de longa dura\u00e7\u00e3o. Recomendado para superf\u00edcies lav\u00e1veis de cozinhas, banheiros e principalmente pisos e azulejos. Remove sujeira e deixa o ambiente agrad\u00e1vel e perfumado por muito mais tempo.<\/p>\n","protected":false},"excerpt":{"rendered":"<p>Une o poder de limpeza com maior intensidade, atrav\u00e9s de fragr\u00e2ncias modernas de longa dura\u00e7\u00e3o. Recomendado para superf\u00edcies lav\u00e1veis de cozinhas, banheiros e principalmente pisos e azulejos. Remove sujeira e deixa o ambiente agrad\u00e1vel e perfumado por muito mais tempo.<\/p>\n","protected":false},"featured_media":707,"template":"","meta":[],"product_brand":[],"product_cat":[54],"product_tag":[],"class_list":{"0":"post-706","1":"product","2":"type-product","3":"status-publish","4":"has-post-thumbnail","6":"product_cat-limpeza-diaria","8":"first","9":"instock","10":"shipping-taxable","11":"purchasable","12":"product-type-simple"},"_links":{"self":[{"href":"https:\/\/bellocapricho.com.br\/loja\/index.php\/wp-json\/wp\/v2\/product\/706","targetHints":{"allow":["GET"]}}],"collection":[{"href":"https:\/\/bellocapricho.com.br\/loja\/index.php\/wp-json\/wp\/v2\/product"}],"about":[{"href":"https:\/\/bellocapricho.com.br\/loja\/index.php\/wp-json\/wp\/v2\/types\/product"}],"wp:featuredmedia":[{"embeddable":true,"href":"https:\/\/bellocapricho.com.br\/loja\/index.php\/wp-json\/wp\/v2\/media\/707"}],"wp:attachment":[{"href":"https:\/\/bellocapricho.com.br\/loja\/index.php\/wp-json\/wp\/v2\/media?parent=706"}],"wp:term":[{"taxonomy":"product_brand","embeddable":true,"href":"https:\/\/bellocapricho.com.br\/loja\/index.php\/wp-json\/wp\/v2\/product_brand?post=706"},{"taxonomy":"product_cat","embeddable":true,"href":"https:\/\/bellocapricho.com.br\/loja\/index.php\/wp-json\/wp\/v2\/product_cat?post=706"},{"taxonomy":"product_tag","embeddable":true,"href":"https:\/\/bellocapricho.com.br\/loja\/index.php\/wp-json\/wp\/v2\/product_tag?post=706"}],"curies":[{"name":"wp","href":"https:\/\/api.w.org\/{rel}","templated":true}]}}