{"id":689,"date":"2024-07-16T19:36:02","date_gmt":"2024-07-16T22:36:02","guid":{"rendered":"https:\/\/bellocapricho.com.br\/loja\/?post_type=product&#038;p=689"},"modified":"2026-04-04T14:55:03","modified_gmt":"2026-04-04T17:55:03","slug":"cloro-ativo-5l","status":"publish","type":"product","link":"https:\/\/bellocapricho.com.br\/loja\/index.php\/produto\/cloro-ativo-5l\/","title":{"rendered":"Cloro Ativo 5L"},"content":{"rendered":"<p>O ALVEJANTE CONCENTRADO COM CLORO MEGA LIMPO pode ser usado para limpeza de cal\u00e7adas, escadas, pisos, muros de cimento, azulejos e telhas, com a finalidade de eliminar musgo, limo, carunchos e outros dep\u00f3sitos que se criam pela a\u00e7\u00e3o do tempo, umidade e sujeira. Utilize-o tamb\u00e9m para limpeza di\u00e1ria de cozinhas e banheiros, desinfec\u00e7\u00e3o de vasos sanit\u00e1rios, ralos, pisos e outras superf\u00edcies lav\u00e1veis.<\/p>\n","protected":false},"excerpt":{"rendered":"<p>O ALVEJANTE CONCENTRADO COM CLORO MEGA LIMPO pode ser usado para limpeza de cal\u00e7adas, escadas, pisos, muros de cimento, azulejos e telhas, com a finalidade de eliminar musgo, limo, carunchos e outros dep\u00f3sitos que se criam pela a\u00e7\u00e3o do tempo, umidade e sujeira. Utilize-o tamb\u00e9m&hellip;<\/p>\n","protected":false},"featured_media":690,"template":"","meta":[],"product_brand":[],"product_cat":[19],"product_tag":[],"class_list":{"0":"post-689","1":"product","2":"type-product","3":"status-publish","4":"has-post-thumbnail","6":"product_cat-limpeza-pesada","8":"first","9":"instock","10":"shipping-taxable","11":"purchasable","12":"product-type-simple"},"_links":{"self":[{"href":"https:\/\/bellocapricho.com.br\/loja\/index.php\/wp-json\/wp\/v2\/product\/689","targetHints":{"allow":["GET"]}}],"collection":[{"href":"https:\/\/bellocapricho.com.br\/loja\/index.php\/wp-json\/wp\/v2\/product"}],"about":[{"href":"https:\/\/bellocapricho.com.br\/loja\/index.php\/wp-json\/wp\/v2\/types\/product"}],"wp:featuredmedia":[{"embeddable":true,"href":"https:\/\/bellocapricho.com.br\/loja\/index.php\/wp-json\/wp\/v2\/media\/690"}],"wp:attachment":[{"href":"https:\/\/bellocapricho.com.br\/loja\/index.php\/wp-json\/wp\/v2\/media?parent=689"}],"wp:term":[{"taxonomy":"product_brand","embeddable":true,"href":"https:\/\/bellocapricho.com.br\/loja\/index.php\/wp-json\/wp\/v2\/product_brand?post=689"},{"taxonomy":"product_cat","embeddable":true,"href":"https:\/\/bellocapricho.com.br\/loja\/index.php\/wp-json\/wp\/v2\/product_cat?post=689"},{"taxonomy":"product_tag","embeddable":true,"href":"https:\/\/bellocapricho.com.br\/loja\/index.php\/wp-json\/wp\/v2\/product_tag?post=689"}],"curies":[{"name":"wp","href":"https:\/\/api.w.org\/{rel}","templated":true}]}}