{"id":683,"date":"2024-07-16T19:14:54","date_gmt":"2024-07-16T22:14:54","guid":{"rendered":"https:\/\/bellocapricho.com.br\/loja\/?post_type=product&#038;p=683"},"modified":"2026-04-05T00:27:32","modified_gmt":"2026-04-05T03:27:32","slug":"detergente-clorado-2l","status":"publish","type":"product","link":"https:\/\/bellocapricho.com.br\/loja\/index.php\/produto\/detergente-clorado-2l\/","title":{"rendered":"Detergente Clorado 2L"},"content":{"rendered":"<p>O DETERGENTE CLORADO MEGA LIMPO combina a a\u00e7\u00e3o do detergente (limpa sujeiras e gorduras) com o cloro (combate o mofo e bolor). Recomendado o uso deste produto na limpeza di\u00e1ria de banheiros, cozinhas e em ambientes \u00famidos. Este produto pode ser utilizado em qualquer tipo de piso e superf\u00edcie lav\u00e1vel, inclusive na lavagem de roupas.<\/p>\n","protected":false},"excerpt":{"rendered":"<p>O DETERGENTE CLORADO MEGA LIMPO combina a a\u00e7\u00e3o do detergente (limpa sujeiras e gorduras) com o cloro (combate o mofo e bolor). Recomendado o uso deste produto na limpeza di\u00e1ria de banheiros, cozinhas e em ambientes \u00famidos. Este produto pode ser utilizado em qualquer tipo&hellip;<\/p>\n","protected":false},"featured_media":684,"template":"","meta":[],"product_brand":[],"product_cat":[19],"product_tag":[],"class_list":{"0":"post-683","1":"product","2":"type-product","3":"status-publish","4":"has-post-thumbnail","6":"product_cat-limpeza-pesada","8":"first","9":"instock","10":"shipping-taxable","11":"purchasable","12":"product-type-simple"},"_links":{"self":[{"href":"https:\/\/bellocapricho.com.br\/loja\/index.php\/wp-json\/wp\/v2\/product\/683","targetHints":{"allow":["GET"]}}],"collection":[{"href":"https:\/\/bellocapricho.com.br\/loja\/index.php\/wp-json\/wp\/v2\/product"}],"about":[{"href":"https:\/\/bellocapricho.com.br\/loja\/index.php\/wp-json\/wp\/v2\/types\/product"}],"wp:featuredmedia":[{"embeddable":true,"href":"https:\/\/bellocapricho.com.br\/loja\/index.php\/wp-json\/wp\/v2\/media\/684"}],"wp:attachment":[{"href":"https:\/\/bellocapricho.com.br\/loja\/index.php\/wp-json\/wp\/v2\/media?parent=683"}],"wp:term":[{"taxonomy":"product_brand","embeddable":true,"href":"https:\/\/bellocapricho.com.br\/loja\/index.php\/wp-json\/wp\/v2\/product_brand?post=683"},{"taxonomy":"product_cat","embeddable":true,"href":"https:\/\/bellocapricho.com.br\/loja\/index.php\/wp-json\/wp\/v2\/product_cat?post=683"},{"taxonomy":"product_tag","embeddable":true,"href":"https:\/\/bellocapricho.com.br\/loja\/index.php\/wp-json\/wp\/v2\/product_tag?post=683"}],"curies":[{"name":"wp","href":"https:\/\/api.w.org\/{rel}","templated":true}]}}