{"id":678,"date":"2024-07-16T19:03:58","date_gmt":"2024-07-16T22:03:58","guid":{"rendered":"https:\/\/bellocapricho.com.br\/loja\/?post_type=product&#038;p=678"},"modified":"2026-04-04T12:25:15","modified_gmt":"2026-04-04T15:25:15","slug":"agua-sanitaria-2l","status":"publish","type":"product","link":"https:\/\/bellocapricho.com.br\/loja\/index.php\/produto\/agua-sanitaria-2l\/","title":{"rendered":"\u00c1gua Sanit\u00e1ria 2L"},"content":{"rendered":"<p>Recomendamos o uso deste produto na limpeza di\u00e1ria, desinfec\u00e7\u00e3o de banheiros, vasos sanit\u00e1rios e ralos, remo\u00e7\u00e3o de manchas. Este produto pode ser utilizado em qualquer tipo de piso e superf\u00edcie lav\u00e1vel, inclusive na lavagem de roupas.<\/p>\n","protected":false},"excerpt":{"rendered":"<p>Recomendamos o uso deste produto na limpeza di\u00e1ria, desinfec\u00e7\u00e3o de banheiros, vasos sanit\u00e1rios e ralos, remo\u00e7\u00e3o de manchas. Este produto pode ser utilizado em qualquer tipo de piso e superf\u00edcie lav\u00e1vel, inclusive na lavagem de roupas.<\/p>\n","protected":false},"featured_media":679,"template":"","meta":[],"product_brand":[],"product_cat":[19],"product_tag":[],"class_list":{"0":"post-678","1":"product","2":"type-product","3":"status-publish","4":"has-post-thumbnail","6":"product_cat-limpeza-pesada","8":"first","9":"instock","10":"shipping-taxable","11":"purchasable","12":"product-type-simple"},"_links":{"self":[{"href":"https:\/\/bellocapricho.com.br\/loja\/index.php\/wp-json\/wp\/v2\/product\/678","targetHints":{"allow":["GET"]}}],"collection":[{"href":"https:\/\/bellocapricho.com.br\/loja\/index.php\/wp-json\/wp\/v2\/product"}],"about":[{"href":"https:\/\/bellocapricho.com.br\/loja\/index.php\/wp-json\/wp\/v2\/types\/product"}],"wp:featuredmedia":[{"embeddable":true,"href":"https:\/\/bellocapricho.com.br\/loja\/index.php\/wp-json\/wp\/v2\/media\/679"}],"wp:attachment":[{"href":"https:\/\/bellocapricho.com.br\/loja\/index.php\/wp-json\/wp\/v2\/media?parent=678"}],"wp:term":[{"taxonomy":"product_brand","embeddable":true,"href":"https:\/\/bellocapricho.com.br\/loja\/index.php\/wp-json\/wp\/v2\/product_brand?post=678"},{"taxonomy":"product_cat","embeddable":true,"href":"https:\/\/bellocapricho.com.br\/loja\/index.php\/wp-json\/wp\/v2\/product_cat?post=678"},{"taxonomy":"product_tag","embeddable":true,"href":"https:\/\/bellocapricho.com.br\/loja\/index.php\/wp-json\/wp\/v2\/product_tag?post=678"}],"curies":[{"name":"wp","href":"https:\/\/api.w.org\/{rel}","templated":true}]}}