{"id":669,"date":"2024-07-16T18:21:25","date_gmt":"2024-07-16T21:21:25","guid":{"rendered":"https:\/\/bellocapricho.com.br\/loja\/?post_type=product&#038;p=669"},"modified":"2026-04-04T14:55:12","modified_gmt":"2026-04-04T17:55:12","slug":"tira-manchas-2l","status":"publish","type":"product","link":"https:\/\/bellocapricho.com.br\/loja\/index.php\/produto\/tira-manchas-2l\/","title":{"rendered":"Tira Manchas 2L"},"content":{"rendered":"<p>O TIRA MANCHAS GUIMAR\u00c3ES possui a\u00e7\u00e3o do oxig\u00eanio ativo, que garante efici\u00eancia no combate a manchas e sujeiras. \u00c9 eficaz na remo\u00e7\u00e3o de manchas dif\u00edceis do dia a dia durante a lavagem, sem danificar os tecidos e as cores, pois a sua f\u00f3rmula n\u00e3o cont\u00e9m cloro. At\u00e9 5 tons mais brancos e melhor que cloro na remo\u00e7\u00e3o de manchas.<\/p>\n","protected":false},"excerpt":{"rendered":"<p>O TIRA MANCHAS GUIMAR\u00c3ES possui a\u00e7\u00e3o do oxig\u00eanio ativo, que garante efici\u00eancia no combate a manchas e sujeiras. \u00c9 eficaz na remo\u00e7\u00e3o de manchas dif\u00edceis do dia a dia durante a lavagem, sem danificar os tecidos e as cores, pois a sua f\u00f3rmula n\u00e3o cont\u00e9m&hellip;<\/p>\n","protected":false},"featured_media":670,"template":"","meta":[],"product_brand":[],"product_cat":[42],"product_tag":[],"class_list":{"0":"post-669","1":"product","2":"type-product","3":"status-publish","4":"has-post-thumbnail","6":"product_cat-lavanderia","8":"first","9":"instock","10":"shipping-taxable","11":"purchasable","12":"product-type-simple"},"_links":{"self":[{"href":"https:\/\/bellocapricho.com.br\/loja\/index.php\/wp-json\/wp\/v2\/product\/669","targetHints":{"allow":["GET"]}}],"collection":[{"href":"https:\/\/bellocapricho.com.br\/loja\/index.php\/wp-json\/wp\/v2\/product"}],"about":[{"href":"https:\/\/bellocapricho.com.br\/loja\/index.php\/wp-json\/wp\/v2\/types\/product"}],"wp:featuredmedia":[{"embeddable":true,"href":"https:\/\/bellocapricho.com.br\/loja\/index.php\/wp-json\/wp\/v2\/media\/670"}],"wp:attachment":[{"href":"https:\/\/bellocapricho.com.br\/loja\/index.php\/wp-json\/wp\/v2\/media?parent=669"}],"wp:term":[{"taxonomy":"product_brand","embeddable":true,"href":"https:\/\/bellocapricho.com.br\/loja\/index.php\/wp-json\/wp\/v2\/product_brand?post=669"},{"taxonomy":"product_cat","embeddable":true,"href":"https:\/\/bellocapricho.com.br\/loja\/index.php\/wp-json\/wp\/v2\/product_cat?post=669"},{"taxonomy":"product_tag","embeddable":true,"href":"https:\/\/bellocapricho.com.br\/loja\/index.php\/wp-json\/wp\/v2\/product_tag?post=669"}],"curies":[{"name":"wp","href":"https:\/\/api.w.org\/{rel}","templated":true}]}}