{"id":664,"date":"2024-07-16T18:10:22","date_gmt":"2024-07-16T21:10:22","guid":{"rendered":"https:\/\/bellocapricho.com.br\/loja\/?post_type=product&#038;p=664"},"modified":"2026-04-04T23:50:03","modified_gmt":"2026-04-05T02:50:03","slug":"alvejante-sem-cloro-2l","status":"publish","type":"product","link":"https:\/\/bellocapricho.com.br\/loja\/index.php\/produto\/alvejante-sem-cloro-2l\/","title":{"rendered":"Alvejante Sem Cloro 2L"},"content":{"rendered":"<p>ALVEJANTE SEM CLORO ROSA LIMP possui a\u00e7\u00e3o do oxig\u00eanio ativo, que garante efici\u00eancia no combate a manchas e sujeiras. Possui 3 vezes mais benef\u00edcios que o cloro, podendo ser usado em roupas brancas, coloridas e em diversos tecidos, na pr\u00e9-lavagem ou na m\u00e1quina.<\/p>\n","protected":false},"excerpt":{"rendered":"<p>ALVEJANTE SEM CLORO ROSA LIMP possui a\u00e7\u00e3o do oxig\u00eanio ativo, que garante efici\u00eancia no combate a manchas e sujeiras. Possui 3 vezes mais benef\u00edcios que o cloro, podendo ser usado em roupas brancas, coloridas e em diversos tecidos, na pr\u00e9-lavagem ou na m\u00e1quina.<\/p>\n","protected":false},"featured_media":668,"template":"","meta":[],"product_brand":[],"product_cat":[42],"product_tag":[],"class_list":{"0":"post-664","1":"product","2":"type-product","3":"status-publish","4":"has-post-thumbnail","6":"product_cat-lavanderia","8":"first","9":"instock","10":"shipping-taxable","11":"purchasable","12":"product-type-simple"},"_links":{"self":[{"href":"https:\/\/bellocapricho.com.br\/loja\/index.php\/wp-json\/wp\/v2\/product\/664","targetHints":{"allow":["GET"]}}],"collection":[{"href":"https:\/\/bellocapricho.com.br\/loja\/index.php\/wp-json\/wp\/v2\/product"}],"about":[{"href":"https:\/\/bellocapricho.com.br\/loja\/index.php\/wp-json\/wp\/v2\/types\/product"}],"wp:featuredmedia":[{"embeddable":true,"href":"https:\/\/bellocapricho.com.br\/loja\/index.php\/wp-json\/wp\/v2\/media\/668"}],"wp:attachment":[{"href":"https:\/\/bellocapricho.com.br\/loja\/index.php\/wp-json\/wp\/v2\/media?parent=664"}],"wp:term":[{"taxonomy":"product_brand","embeddable":true,"href":"https:\/\/bellocapricho.com.br\/loja\/index.php\/wp-json\/wp\/v2\/product_brand?post=664"},{"taxonomy":"product_cat","embeddable":true,"href":"https:\/\/bellocapricho.com.br\/loja\/index.php\/wp-json\/wp\/v2\/product_cat?post=664"},{"taxonomy":"product_tag","embeddable":true,"href":"https:\/\/bellocapricho.com.br\/loja\/index.php\/wp-json\/wp\/v2\/product_tag?post=664"}],"curies":[{"name":"wp","href":"https:\/\/api.w.org\/{rel}","templated":true}]}}